{"id":25820,"date":"2025-07-30T08:33:37","date_gmt":"2025-07-30T08:33:37","guid":{"rendered":"http:\/\/moose.de\/?page_id=25820"},"modified":"2025-07-30T08:57:18","modified_gmt":"2025-07-30T08:57:18","slug":"exklusive-moose-methode","status":"publish","type":"page","link":"https:\/\/moose.de\/it_it\/exklusive-moose-methode\/","title":{"rendered":"Exklusive Moose-Methode"},"content":{"rendered":"\t\t<div data-elementor-type=\"wp-page\" data-elementor-id=\"25820\" class=\"elementor elementor-25820\">\n\t\t\t\t<div class=\"elementor-element elementor-element-4b17458 e-flex e-con-boxed e-con e-parent\" data-id=\"4b17458\" data-element_type=\"container\">\n\t\t\t\t\t<div class=\"e-con-inner\">\n\t\t\t\t<div class=\"elementor-element elementor-element-b8654a0 elementor-widget elementor-widget-text-editor\" data-id=\"b8654a0\" data-element_type=\"widget\" data-widget_type=\"text-editor.default\">\n\t\t\t\t<div class=\"elementor-widget-container\">\n\t\t\t\t\t\t\t\t\t<h2 class=\"ai-optimize-6\" data-start=\"211\" data-end=\"297\">LRP &amp; Use with Ease: Unsere exklusive Methode, um wirklich Sprachen zu lernen.<\/h2>\n<h3 class=\"ai-optimize-7\" data-start=\"299\" data-end=\"396\">Ein revolution\u00e4rer Ansatz, entwickelt von einem Experten und gew\u00e4hlt von \u00fcber 200.000 Lernenden weltweit.<\/h3>\n<p class=\"ai-optimize-8 ai-optimize-introduction\" data-start=\"398\" data-end=\"835\">In \u00fcber 30 Jahren Erfahrung im Sprachunterricht haben wir eine originelle und \u00e4u\u00dferst effektive Unterrichtsmethode entwickelt:\n<strong>LRP &amp; Use with Ease \u2013 Learn, Repeat, Practice &amp; Use with Ease.<\/strong><\/p>\n<p class=\"ai-optimize-8 ai-optimize-introduction\" data-start=\"398\" data-end=\"835\">Heute lernen <strong>\u00fcber 200.000 Menschen<\/strong> weltweit mit dieser Methode, die von <strong>Marek Los<\/strong> entwickelt wurde \u2013 internationaler Experte f\u00fcr Sprachdidaktik, Dozent, Jurist und Gr\u00fcnder der Moose-Gruppe.<\/p>\n<br>\n<hr data-start=\"837\" data-end=\"840\" \/>\n<\/br>\n<h3 class=\"ai-optimize-9\" data-start=\"842\" data-end=\"875\">Was ist LRP &amp; Use with Ease?<\/h3>\nEine Methode, die die <strong>effektivsten Prinzipien des Spracherwerbs<\/strong> mit einem praktischen, personalisierten und ergebnisorientierten Ansatz kombiniert.\n\nDas Akronym steht f\u00fcr vier zentrale S\u00e4ulen:\n<ul data-start=\"1090\" data-end=\"1423\">\n \t<li class=\"ai-optimize-11\" data-start=\"1090\" data-end=\"1168\"><strong>Learn<\/strong> \u2013 Strukturen und Wortschatz gezielt und klar lernen;<\/li>\n \t<li class=\"ai-optimize-13\" data-start=\"1169\" data-end=\"1254\"><strong>Repeat<\/strong> \u2013 Inhalte systematisch in realistischen Kontexten wiederholen;<\/li>\n \t<li class=\"ai-optimize-15\" data-start=\"1255\" data-end=\"1344\"><strong>Practice<\/strong> \u2013 aktiv \u00fcben, um Theorie in praktische F\u00e4higkeiten zu verwandeln;<\/li>\n \t<li class=\"ai-optimize-17\" data-start=\"1345\" data-end=\"1423\">\n<p class=\"ai-optimize-18\" data-start=\"1347\" data-end=\"1423\"><strong>Use with Ease<\/strong> \u2013 die Sprache auf nat\u00fcrliche, fl\u00fcssige und sichere Weise anwenden.<\/p>\n<\/li>\n<\/ul>\n<br>\n<hr data-start=\"1425\" data-end=\"1428\" \/>\n<\/br>\n<h3 class=\"ai-optimize-19\" data-start=\"1430\" data-end=\"1453\">Warum funktioniert es?<\/h3>\n<p class=\"ai-optimize-20\" data-start=\"1455\" data-end=\"1780\">Weil es nicht nur Wissen vermittelt.\nDie LRP-Methode lehrt, wie man Sprache in realen Kontexten einsetzt: Alltagsgespr\u00e4che, Meetings, Reisen, Pr\u00fcfungen, Bewerbungsgespr\u00e4che, pers\u00f6nliche Beziehungen.\nDas Ziel ist nicht nur das Verstehen \u2013 <strong>sondern das Leben der Sprache.<\/strong><\/p>\n\n<br>\n<hr data-start=\"1782\" data-end=\"1785\" \/>\n<\/br>\n<h3 class=\"ai-optimize-21\" data-start=\"1787\" data-end=\"1822\">Eine Methode, die zu dir passt<\/h3>\n<p class=\"ai-optimize-22\" data-start=\"1824\" data-end=\"1943\">Jeder Mensch lernt anders. Deshalb basiert unser Ansatz auf einem individuellen Lernweg, abgestimmt auf:<\/p>\n\n<ul data-start=\"1945\" data-end=\"2090\">\n \t<li class=\"ai-optimize-23\" data-start=\"1945\" data-end=\"1978\">das aktuelle Sprachniveau;<\/li>\n \t<li class=\"ai-optimize-25\" data-start=\"1979\" data-end=\"2017\">pers\u00f6nliche oder berufliche Bed\u00fcrfnisse;<\/li>\n \t<li class=\"ai-optimize-27\" data-start=\"2018\" data-end=\"2041\">konkrete Ziele;<\/li>\n \t<li class=\"ai-optimize-29\" data-start=\"2042\" data-end=\"2090\">Alter, Lerntempo und Zeitverf\u00fcgbarkeit.<\/li>\n<\/ul>\nDer Lehrer begleitet die Lernenden Schritt f\u00fcr Schritt und nimmt sich die n\u00f6tige Zeit, um die neuen Inhalte sicher und spontan in echter Kommunikation anwenden zu k\u00f6nnen.\n<br>\n<hr data-start=\"2288\" data-end=\"2291\" \/>\n<\/br>\n<h3 class=\"ai-optimize-32\" data-start=\"2293\" data-end=\"2334\">Strategische, nie langweilige Wiederholungen<\/h3>\n<p class=\"ai-optimize-33\" data-start=\"2336\" data-end=\"2485\">Was unsere Methode besonders macht, ist der Fokus auf intelligente und abwechslungsreiche Wiederholungen.\nJeder <strong>Lerninhalt wird mehrfach aufgegriffen, durch:<\/strong><\/p>\n\n<ul data-start=\"2487\" data-end=\"2633\">\n \t<li class=\"ai-optimize-34\" data-start=\"2487\" data-end=\"2514\">Dialoge und Rollenspiele;<\/li>\n \t<li class=\"ai-optimize-36\" data-start=\"2515\" data-end=\"2544\">Beschreibungen und Erz\u00e4hlungen;<\/li>\n \t<li class=\"ai-optimize-38\" data-start=\"2545\" data-end=\"2588\">kreative Aktivit\u00e4ten und Sprachspiele;<\/li>\n \t<li class=\"ai-optimize-40\" data-start=\"2589\" data-end=\"2633\">dynamische Einzel- und Gruppen\u00fcbungen.<\/li>\n<\/ul>\n<p class=\"ai-optimize-42\" data-start=\"2635\" data-end=\"2791\">Wiederholung ist nie monoton, <strong>sondern sinnvoll<\/strong>, kontextbezogen und motivierend \u2013 und hilft, echte kommunikative Gewohnheiten aufzubauen.<\/p>\n\n<br>\n<hr data-start=\"2793\" data-end=\"2796\" \/>\n<\/br>\n<h3 class=\"ai-optimize-43\" data-start=\"2798\" data-end=\"2848\">In der Fremdsprache denken \u2013 ohne zu \u00fcbersetzen<\/h3>\n<p class=\"ai-optimize-44\" data-start=\"2850\" data-end=\"3147\">Ein zentrales Ergebnis der LRP-Methode ist, dass die Lernenden direkt in der Zielsprache zu denken beginnen.\nWir eliminieren den \u201eFilter\u201c der Muttersprache \u2013 denn echte Kommunikation entsteht nicht durch \u00dcbersetzung, sondern durch authentisches Erleben dessen, was man sagt.<\/p>\n\n<br>\n<hr data-start=\"3149\" data-end=\"3152\" \/>\n<\/br>\n<h3 class=\"ai-optimize-45\" data-start=\"3154\" data-end=\"3198\">Schnelle Fortschritte in der Kommunikation<\/h3>\n<p class=\"ai-optimize-46\" data-start=\"3200\" data-end=\"3375\">Unser Versprechen ist klar: Wir helfen dir, deine sprachlichen Ziele schnell, klar und strukturiert zu erreichen. Wie?<\/p>\n\n<ul data-start=\"3377\" data-end=\"3633\">\n \t<li class=\"ai-optimize-47\" data-start=\"3377\" data-end=\"3412\">\n<p class=\"ai-optimize-48\" data-start=\"3379\" data-end=\"3412\">regelm\u00e4\u00dfige, gut strukturierte Unterrichtseinheiten;<\/p>\n<\/li>\n \t<li class=\"ai-optimize-49\" data-start=\"3413\" data-end=\"3465\">\n<p class=\"ai-optimize-50\" data-start=\"3415\" data-end=\"3465\">konstantes Training der kommunikativen Kompetenz;<\/p>\n<\/li>\n \t<li class=\"ai-optimize-51\" data-start=\"3466\" data-end=\"3566\">Fokus auf alle Sprachfertigkeiten: Sprechen, H\u00f6ren, Schreiben, Lesen, Verstehen;<\/li>\n \t<li class=\"ai-optimize-53\" data-start=\"3567\" data-end=\"3633\">gezielte Materialien, passend zu deinen Kurszielen.<\/li>\n<\/ul>\n\n<br>\n<hr data-start=\"3635\" data-end=\"3638\" \/>\n<\/br>\n\n<h3 class=\"ai-optimize-55\" data-start=\"3640\" data-end=\"3706\">Kurssstruktur nach der Methode LRP &amp; Use with Ease<\/h3>\n<ol data-start=\"3708\" data-end=\"4155\">\n \t<li class=\"ai-optimize-56\" data-start=\"3708\" data-end=\"3755\">\n<p class=\"ai-optimize-57\" data-start=\"3711\" data-end=\"3755\">Definition pers\u00f6nlicher <strong>Lernziele<\/strong>;<\/p>\n<\/li>\n \t<li class=\"ai-optimize-58\" data-start=\"3756\" data-end=\"3825\">Einstufung des aktuellen <strong>Sprachniveaus<\/strong>;<\/li>\n \t<li class=\"ai-optimize-60\" data-start=\"3826\" data-end=\"3873\"><strong>Analyse<\/strong> der realen Sprachbed\u00fcrfnisse;<\/li>\n \t<li class=\"ai-optimize-62\" data-start=\"3874\" data-end=\"3919\"><strong>Erstellung<\/strong> eines ma\u00dfgeschneiderten Programms;<\/li>\n \t<li class=\"ai-optimize-64\" data-start=\"3920\" data-end=\"3992\">Entwicklung aller <strong>Sprachfertigkeiten mit gezieltem Fokus<\/strong>;<\/li>\n \t<li class=\"ai-optimize-66\" data-start=\"3993\" data-end=\"4037\">regelm\u00e4\u00dfige, <strong>strategische Wiederholungen<\/strong>;<\/li>\n \t<li class=\"ai-optimize-68\" data-start=\"4038\" data-end=\"4102\"><strong>kreative<\/strong>, motivierende Unterrichtsaktivit\u00e4ten;<\/li>\n \t<li class=\"ai-optimize-70\" data-start=\"4103\" data-end=\"4155\">speziell ausgew\u00e4hlte <strong>Kursmaterialien<\/strong>.<\/li>\n<\/ol>\n\n<br>\n<hr data-start=\"4157\" data-end=\"4160\" \/>\n<\/br>\n\n<h3 class=\"ai-optimize-72\" data-start=\"4162\" data-end=\"4225\">Eine internationale Methode \u2013 mit einem echten Namen dahinter<\/h3>\n<p class=\"ai-optimize-73\" data-start=\"4227\" data-end=\"4549\">Die <strong>Methode LRP &amp; Use with Ease<\/strong> ist das Ergebnis jahrzehntelanger Erfahrung und Leidenschaft f\u00fcr das Lehren.\nIhr Entwickler, <strong>Marek Los<\/strong>, hat Tausende von Lernenden in Europa und Lateinamerika begleitet und eine einzigartige Lehrphilosophie entwickelt:\nsch\u00fclerzentriert, realit\u00e4tsnah, handlungsorientiert.<\/p>\n\n<br>\n<hr data-start=\"4551\" data-end=\"4554\" \/>\n<\/br>\n<h3 class=\"ai-optimize-74\" data-start=\"4556\" data-end=\"4586\">M\u00f6chtest du sie selbst erleben?<\/h3>\n<p class=\"ai-optimize-75\" data-start=\"4588\" data-end=\"4753\">Erlebe, wie nat\u00fcrlich, sicher und effektiv Sprachenlernen sein kann.\nBuche jetzt eine kostenlose Probestunde \u2013 in einer unserer Filialen oder <strong>online<\/strong>.<\/p>\n<p class=\"ai-optimize-76\" data-start=\"4755\" data-end=\"4854\">\ud83d\udc49<strong><a href=\"https:\/\/www.moose.it\/sede-di-roma\/\"> Kostenlose Probestunde buchen<\/a><\/strong><br data-start=\"4793\" data-end=\"4796\" \/>\ud83d\udc49 <strong>Kontaktiere uns<\/strong><br data-start=\"4818\" data-end=\"4821\" \/>\ud83d\udc49 <strong>Entdecke unsere Kurse<\/strong><\/p>\n\n<br>\n<hr data-start=\"4856\" data-end=\"4859\" \/>\n<\/br>\n<strong>Moose.it \u2013 Sprachen lernen war noch nie so nat\u00fcrlich.<\/strong>\t\t\t\t\t\t\t\t<\/div>\n\t\t\t\t<\/div>\n\t\t\t\t\t<\/div>\n\t\t\t\t<\/div>\n\t\t\t\t<\/div>\n\t\t","protected":false},"excerpt":{"rendered":"<p>LRP &amp; Use with Ease: Unsere exklusive Methode, um wirklich Sprachen zu lernen. Ein revolution\u00e4rer Ansatz, entwickelt von einem Experten&#8230;<\/p>\n","protected":false},"author":13,"featured_media":0,"parent":0,"menu_order":0,"comment_status":"closed","ping_status":"closed","template":"","meta":{"inline_featured_image":false,"footnotes":""},"class_list":["post-25820","page","type-page","status-publish","hentry"],"yoast_head":"<!-- This site is optimized with the Yoast SEO plugin v25.6 - https:\/\/yoast.com\/wordpress\/plugins\/seo\/ -->\n<title>Exklusive Moose-Methode - Sprachzentrum Moose<\/title>\n<meta name=\"robots\" content=\"index, follow, max-snippet:-1, max-image-preview:large, max-video-preview:-1\" \/>\n<link rel=\"canonical\" href=\"https:\/\/moose.de\/it_it\/exklusive-moose-methode\/\" \/>\n<meta property=\"og:locale\" content=\"it_IT\" \/>\n<meta property=\"og:type\" content=\"article\" \/>\n<meta property=\"og:title\" content=\"Exklusive Moose-Methode - Sprachzentrum Moose\" \/>\n<meta property=\"og:description\" content=\"LRP &amp; Use with Ease: Unsere exklusive Methode, um wirklich Sprachen zu lernen. Ein revolution\u00e4rer Ansatz, entwickelt von einem Experten&#8230;\" \/>\n<meta property=\"og:url\" content=\"https:\/\/moose.de\/it_it\/exklusive-moose-methode\/\" \/>\n<meta property=\"og:site_name\" content=\"Sprachzentrum Moose\" \/>\n<meta property=\"article:publisher\" content=\"https:\/\/www.facebook.com\/centrolinguisticomoose\" \/>\n<meta property=\"article:modified_time\" content=\"2025-07-30T08:57:18+00:00\" \/>\n<meta property=\"og:image\" content=\"https:\/\/moose.de\/wp-content\/uploads\/2024\/05\/Volantino_Moose2-1_3kr5rflcut2cs.png\" \/>\n\t<meta property=\"og:image:width\" content=\"730\" \/>\n\t<meta property=\"og:image:height\" content=\"730\" \/>\n\t<meta property=\"og:image:type\" content=\"image\/png\" \/>\n<meta name=\"twitter:card\" content=\"summary_large_image\" \/>\n<meta name=\"twitter:label1\" content=\"Tempo di lettura stimato\" \/>\n\t<meta name=\"twitter:data1\" content=\"3 minuti\" \/>\n<script type=\"application\/ld+json\" class=\"yoast-schema-graph\">{\"@context\":\"https:\/\/schema.org\",\"@graph\":[{\"@type\":\"WebPage\",\"@id\":\"https:\/\/moose.de\/exklusive-moose-methode\/\",\"url\":\"https:\/\/moose.de\/exklusive-moose-methode\/\",\"name\":\"Exklusive Moose-Methode - Sprachzentrum Moose\",\"isPartOf\":{\"@id\":\"https:\/\/moose.de\/#website\"},\"datePublished\":\"2025-07-30T08:33:37+00:00\",\"dateModified\":\"2025-07-30T08:57:18+00:00\",\"breadcrumb\":{\"@id\":\"https:\/\/moose.de\/exklusive-moose-methode\/#breadcrumb\"},\"inLanguage\":\"it-IT\",\"potentialAction\":[{\"@type\":\"ReadAction\",\"target\":[\"https:\/\/moose.de\/exklusive-moose-methode\/\"]}]},{\"@type\":\"BreadcrumbList\",\"@id\":\"https:\/\/moose.de\/exklusive-moose-methode\/#breadcrumb\",\"itemListElement\":[{\"@type\":\"ListItem\",\"position\":1,\"name\":\"Home\",\"item\":\"https:\/\/moose.de\/\"},{\"@type\":\"ListItem\",\"position\":2,\"name\":\"Exklusive Moose-Methode\"}]},{\"@type\":\"WebSite\",\"@id\":\"https:\/\/moose.de\/#website\",\"url\":\"https:\/\/moose.de\/\",\"name\":\"Centro Linguistico Moose\",\"description\":\"Sprachzentrum in Berlin\",\"publisher\":{\"@id\":\"https:\/\/moose.de\/#organization\"},\"alternateName\":\"Moose\",\"potentialAction\":[{\"@type\":\"SearchAction\",\"target\":{\"@type\":\"EntryPoint\",\"urlTemplate\":\"https:\/\/moose.de\/?s={search_term_string}\"},\"query-input\":{\"@type\":\"PropertyValueSpecification\",\"valueRequired\":true,\"valueName\":\"search_term_string\"}}],\"inLanguage\":\"it-IT\"},{\"@type\":\"Organization\",\"@id\":\"https:\/\/moose.de\/#organization\",\"name\":\"Centro Linguistico Moose\",\"url\":\"https:\/\/moose.de\/\",\"logo\":{\"@type\":\"ImageObject\",\"inLanguage\":\"it-IT\",\"@id\":\"https:\/\/moose.de\/#\/schema\/logo\/image\/\",\"url\":\"https:\/\/moose.de\/wp-content\/uploads\/2024\/04\/MooseCentroLinguistico-e1714147189790.png\",\"contentUrl\":\"https:\/\/moose.de\/wp-content\/uploads\/2024\/04\/MooseCentroLinguistico-e1714147189790.png\",\"width\":691,\"height\":271,\"caption\":\"Centro Linguistico Moose\"},\"image\":{\"@id\":\"https:\/\/moose.de\/#\/schema\/logo\/image\/\"},\"sameAs\":[\"https:\/\/www.facebook.com\/centrolinguisticomoose\"]}]}<\/script>\n<!-- \/ Yoast SEO plugin. -->","yoast_head_json":{"title":"Exklusive Moose-Methode - Sprachzentrum Moose","robots":{"index":"index","follow":"follow","max-snippet":"max-snippet:-1","max-image-preview":"max-image-preview:large","max-video-preview":"max-video-preview:-1"},"canonical":"https:\/\/moose.de\/it_it\/exklusive-moose-methode\/","og_locale":"it_IT","og_type":"article","og_title":"Exklusive Moose-Methode - Sprachzentrum Moose","og_description":"LRP &amp; Use with Ease: Unsere exklusive Methode, um wirklich Sprachen zu lernen. Ein revolution\u00e4rer Ansatz, entwickelt von einem Experten&#8230;","og_url":"https:\/\/moose.de\/it_it\/exklusive-moose-methode\/","og_site_name":"Sprachzentrum Moose","article_publisher":"https:\/\/www.facebook.com\/centrolinguisticomoose","article_modified_time":"2025-07-30T08:57:18+00:00","og_image":[{"width":730,"height":730,"url":"https:\/\/moose.de\/wp-content\/uploads\/2024\/05\/Volantino_Moose2-1_3kr5rflcut2cs.png","type":"image\/png"}],"twitter_card":"summary_large_image","twitter_misc":{"Tempo di lettura stimato":"3 minuti"},"schema":{"@context":"https:\/\/schema.org","@graph":[{"@type":"WebPage","@id":"https:\/\/moose.de\/exklusive-moose-methode\/","url":"https:\/\/moose.de\/exklusive-moose-methode\/","name":"Exklusive Moose-Methode - Sprachzentrum Moose","isPartOf":{"@id":"https:\/\/moose.de\/#website"},"datePublished":"2025-07-30T08:33:37+00:00","dateModified":"2025-07-30T08:57:18+00:00","breadcrumb":{"@id":"https:\/\/moose.de\/exklusive-moose-methode\/#breadcrumb"},"inLanguage":"it-IT","potentialAction":[{"@type":"ReadAction","target":["https:\/\/moose.de\/exklusive-moose-methode\/"]}]},{"@type":"BreadcrumbList","@id":"https:\/\/moose.de\/exklusive-moose-methode\/#breadcrumb","itemListElement":[{"@type":"ListItem","position":1,"name":"Home","item":"https:\/\/moose.de\/"},{"@type":"ListItem","position":2,"name":"Exklusive Moose-Methode"}]},{"@type":"WebSite","@id":"https:\/\/moose.de\/#website","url":"https:\/\/moose.de\/","name":"Centro Linguistico Moose","description":"Sprachzentrum in Berlin","publisher":{"@id":"https:\/\/moose.de\/#organization"},"alternateName":"Moose","potentialAction":[{"@type":"SearchAction","target":{"@type":"EntryPoint","urlTemplate":"https:\/\/moose.de\/?s={search_term_string}"},"query-input":{"@type":"PropertyValueSpecification","valueRequired":true,"valueName":"search_term_string"}}],"inLanguage":"it-IT"},{"@type":"Organization","@id":"https:\/\/moose.de\/#organization","name":"Centro Linguistico Moose","url":"https:\/\/moose.de\/","logo":{"@type":"ImageObject","inLanguage":"it-IT","@id":"https:\/\/moose.de\/#\/schema\/logo\/image\/","url":"https:\/\/moose.de\/wp-content\/uploads\/2024\/04\/MooseCentroLinguistico-e1714147189790.png","contentUrl":"https:\/\/moose.de\/wp-content\/uploads\/2024\/04\/MooseCentroLinguistico-e1714147189790.png","width":691,"height":271,"caption":"Centro Linguistico Moose"},"image":{"@id":"https:\/\/moose.de\/#\/schema\/logo\/image\/"},"sameAs":["https:\/\/www.facebook.com\/centrolinguisticomoose"]}]}},"_links":{"self":[{"href":"https:\/\/moose.de\/it_it\/wp-json\/wp\/v2\/pages\/25820","targetHints":{"allow":["GET"]}}],"collection":[{"href":"https:\/\/moose.de\/it_it\/wp-json\/wp\/v2\/pages"}],"about":[{"href":"https:\/\/moose.de\/it_it\/wp-json\/wp\/v2\/types\/page"}],"author":[{"embeddable":true,"href":"https:\/\/moose.de\/it_it\/wp-json\/wp\/v2\/users\/13"}],"replies":[{"embeddable":true,"href":"https:\/\/moose.de\/it_it\/wp-json\/wp\/v2\/comments?post=25820"}],"version-history":[{"count":18,"href":"https:\/\/moose.de\/it_it\/wp-json\/wp\/v2\/pages\/25820\/revisions"}],"predecessor-version":[{"id":25840,"href":"https:\/\/moose.de\/it_it\/wp-json\/wp\/v2\/pages\/25820\/revisions\/25840"}],"wp:attachment":[{"href":"https:\/\/moose.de\/it_it\/wp-json\/wp\/v2\/media?parent=25820"}],"curies":[{"name":"wp","href":"https:\/\/api.w.org\/{rel}","templated":true}]}}