{"id":25671,"date":"2025-07-30T06:41:39","date_gmt":"2025-07-30T06:41:39","guid":{"rendered":"http:\/\/moose.de\/?page_id=25671"},"modified":"2025-07-30T08:28:37","modified_gmt":"2025-07-30T08:28:37","slug":"unsere-geschichte","status":"publish","type":"page","link":"https:\/\/moose.de\/it_it\/unsere-geschichte\/","title":{"rendered":"Unsere Geschichte"},"content":{"rendered":"\t\t<div data-elementor-type=\"wp-page\" data-elementor-id=\"25671\" class=\"elementor elementor-25671\">\n\t\t\t\t<div class=\"elementor-element elementor-element-e789b90 e-flex e-con-boxed e-con e-parent\" data-id=\"e789b90\" data-element_type=\"container\">\n\t\t\t\t\t<div class=\"e-con-inner\">\n\t\t\t\t<div class=\"elementor-element elementor-element-722d67a elementor-widget elementor-widget-text-editor\" data-id=\"722d67a\" data-element_type=\"widget\" data-widget_type=\"text-editor.default\">\n\t\t\t\t<div class=\"elementor-widget-container\">\n\t\t\t\t\t\t\t\t\t<h2 class=\"ai-optimize-15\" data-start=\"300\" data-end=\"328\"><img decoding=\"async\" class=\"emoji\" role=\"img\" draggable=\"false\" src=\"https:\/\/s.w.org\/images\/core\/emoji\/16.0.1\/svg\/1f7e8.svg\" alt=\"\ud83d\udfe8\" \/> Unsere Geschichte<\/h2>\t\t\t\t\t\t\t\t<\/div>\n\t\t\t\t<\/div>\n\t\t\t\t<div class=\"elementor-element elementor-element-2018f29 elementor-widget elementor-widget-text-editor\" data-id=\"2018f29\" data-element_type=\"widget\" data-widget_type=\"text-editor.default\">\n\t\t\t\t<div class=\"elementor-widget-container\">\n\t\t\t\t\t\t\t\t\t<h3>Von einer einfachen Englischstunde zu einem internationalen Bildungsnetzwerk<\/h3>\t\t\t\t\t\t\t\t<\/div>\n\t\t\t\t<\/div>\n\t\t\t\t<div class=\"elementor-element elementor-element-4735698 elementor-widget elementor-widget-text-editor\" data-id=\"4735698\" data-element_type=\"widget\" data-widget_type=\"text-editor.default\">\n\t\t\t\t<div class=\"elementor-widget-container\">\n\t\t\t\t\t\t\t\t\t<p>Alles begann im Jahr 1994, als <strong>Marek Los<\/strong>, damals Jurastudent, begann, Privatunterricht in Englisch zu geben, um sein Studium zu finanzieren. Aufgewachsen bei einer Mutter, die Lehrerin war, und nach dem fr\u00fchen Tod seines Vaters, entdeckte Marek im Unterrichten mehr als nur einen Job \u2013<strong> eine echte Leidenschaft.<\/strong><\/p>\t\t\t\t\t\t\t\t<\/div>\n\t\t\t\t<\/div>\n\t\t\t\t<div class=\"elementor-element elementor-element-fa3891e elementor-widget elementor-widget-text-editor\" data-id=\"fa3891e\" data-element_type=\"widget\" data-widget_type=\"text-editor.default\">\n\t\t\t\t<div class=\"elementor-widget-container\">\n\t\t\t\t\t\t\t\t\t<p>Anfangs kosteten seine Stunden umgerechnet <strong>3 Euro<\/strong>, und Marek fuhr pers\u00f6nlich von einem Sch\u00fcler zum anderen, direkt zu deren Zuhause. Schon bald arbeitete er \u00fcber <strong>30 Stunden pro<\/strong> Woche, und die Warteliste wuchs auf Dutzende von Interessenten.<\/p>\t\t\t\t\t\t\t\t<\/div>\n\t\t\t\t<\/div>\n\t\t\t\t<div class=\"elementor-element elementor-element-c5ad197 elementor-widget elementor-widget-text-editor\" data-id=\"c5ad197\" data-element_type=\"widget\" data-widget_type=\"text-editor.default\">\n\t\t\t\t<div class=\"elementor-widget-container\">\n\t\t\t\t\t\t\t\t\t<p>Angetrieben von der steigenden Nachfrage begann er, weitere Lehrkr\u00e4fte einzustellen, die er pers\u00f6nlich ausbildete und f\u00fcr deren Unterrichtsqualit\u00e4t er mit seinem eigenen Namen b\u00fcrgte. Die erste \u201eFiliale\u201c von Moose entstand auf einfache und authentische Weise \u2013 im Haus der Eltern seiner Frau.<\/p>\t\t\t\t\t\t\t\t<\/div>\n\t\t\t\t<\/div>\n\t\t\t\t<div class=\"elementor-element elementor-element-5241408 elementor-widget elementor-widget-text-editor\" data-id=\"5241408\" data-element_type=\"widget\" data-widget_type=\"text-editor.default\">\n\t\t\t\t<div class=\"elementor-widget-container\">\n\t\t\t\t\t\t\t\t\t<p>Doch so bescheiden wie der Anfang war, so stetig wuchs die Schule: neue Sch\u00fcler, sch\u00f6nere B\u00fcros, immer mehr Lehrkr\u00e4fte. Schritt f\u00fcr Schritt entstanden neue Moose-Zentren \u2013 zun\u00e4chst in seiner Stadt, dann in anderen Regionen, und schlie\u00dflich auch im Ausland.<\/p>\t\t\t\t\t\t\t\t<\/div>\n\t\t\t\t<\/div>\n\t\t\t\t<div class=\"elementor-element elementor-element-998939c elementor-widget elementor-widget-text-editor\" data-id=\"998939c\" data-element_type=\"widget\" data-widget_type=\"text-editor.default\">\n\t\t\t\t<div class=\"elementor-widget-container\">\n\t\t\t\t\t\t\t\t\t<p>Von Anfang an ging es Marek Los nie ums Geldverdienen.<\/p>\t\t\t\t\t\t\t\t<\/div>\n\t\t\t\t<\/div>\n\t\t\t\t<div class=\"elementor-element elementor-element-e8d2630 elementor-widget elementor-widget-text-editor\" data-id=\"e8d2630\" data-element_type=\"widget\" data-widget_type=\"text-editor.default\">\n\t\t\t\t<div class=\"elementor-widget-container\">\n\t\t\t\t\t\t\t\t\t<blockquote data-start=\"1606\" data-end=\"1959\"><p><span lang=\"EN-US\">Sein Traum war es nicht, ein Gesch\u00e4ft aufzubauen, sondern eine Schule zu gr\u00fcnden, die sich von allen anderen unterscheidet \u2013 eine Schule, in der der Mensch wichtiger ist als das System, in der Wirksamkeit mehr z\u00e4hlt als Marketing, und in der Bildung konkret, menschlich und ehrlich ist.<\/span><\/p><p data-start=\"1608\" data-end=\"1959\">\u00a0<\/p><p><span lang=\"EN-US\">Ein Projekt f\u00fcr alle, die wirklich lernen wollen \u2013 mit Respekt, Sorgfalt und sichtbaren Ergebnissen.<\/span><\/p><\/blockquote><p>Heute ist Moose ein internationales Bildungsnetzwerk mit Standorten in Italien, Deutschland, \u00d6sterreich, der Schweiz, Polen und Brasilien.<\/p><p>Marek Los, der sechs Sprachen flie\u00dfend spricht, hat in verschiedenen L\u00e4ndern gelebt und unterrichtet und in seine Kurse authentische sprachliche und kulturelle Ans\u00e4tze integriert.<\/p><p data-start=\"1961\" data-end=\"2528\">\u00dcber 1500 Lehrkr\u00e4fte arbeiten mit der Moose-Methode und unterrichten t\u00e4glich Tausende von Sch\u00fclern weltweit. In Italien ist Moose bereits in Rom bekannt und gesch\u00e4tzt, wo unsere Schule praxisnahe, moderne und auf reale Kommunikation ausgerichtete Sprachkurse anbietet.<\/p><p>Trotz dieser Expansion hat sich im Kern des Projekts nichts ge\u00e4ndert:<\/p><p>Marek Los verfolgt auch heute noch jedes Detail pers\u00f6nlich, w\u00e4hlt jede neue Lehrkraft selbst aus, \u00fcberpr\u00fcft die Unterrichtsqualit\u00e4t und ist aktiv an der didaktischen Entwicklung beteiligt \u2013 sei es in <strong>Italien, Brasilien, Polen oder Deutschland.<\/strong><\/p><blockquote data-start=\"2868\" data-end=\"3029\"><p data-start=\"2870\" data-end=\"3029\"><em data-start=\"2870\" data-end=\"3002\">&#8220;F\u00fcr mich war das Unterrichten nie nur ein Beruf. Es ist eine M\u00f6glichkeit, Menschen echte Chancen zu geben. Und genau daraus ist Moose entstanden.&#8221;<\/em><br data-start=\"3002\" data-end=\"3005\" \/>\u2014 Marek Los, Gr\u00fcnder<\/p><\/blockquote><p>Er lebt derzeit in Rom, im Stadtteil Parioli, wo er die Arbeit des lokalen Moose-Zentrums pers\u00f6nlich begleitet.<\/p><p>Als gro\u00dfer Fu\u00dfballfan verpasst er kein Spiel der AS Roma im Olympiastadion. Er ist \u00fcberzeugt, dass man eine Sprache nur dann wirklich lehren kann, wenn man zuvor die Kultur gelebt hat \u2013 deshalb liebt er es, sich als Teil der Stadt zu f\u00fchlen, nicht nur als Lehrer, sondern auch als r\u00f6mischer B\u00fcrger. Das ist unsere Geschichte: echt, einfach, gepr\u00e4gt von Leidenschaft, Werten und einer klaren Vision. Eine Geschichte, die heute in den Klassenr\u00e4umen von Moose weiterlebt \u2013 und in den Stimmen derer, die durch Sprache lernen, wachsen und ihre Grenzen \u00fcberwinden.<\/p>\t\t\t\t\t\t\t\t<\/div>\n\t\t\t\t<\/div>\n\t\t\t\t\t<\/div>\n\t\t\t\t<\/div>\n\t\t\t\t<\/div>\n\t\t","protected":false},"excerpt":{"rendered":"<p>Unsere Geschichte Von einer einfachen Englischstunde zu einem internationalen Bildungsnetzwerk Alles begann im Jahr 1994, als Marek Los, damals Jurastudent,&#8230;<\/p>\n","protected":false},"author":13,"featured_media":0,"parent":0,"menu_order":0,"comment_status":"closed","ping_status":"closed","template":"","meta":{"inline_featured_image":false,"footnotes":""},"class_list":["post-25671","page","type-page","status-publish","hentry"],"yoast_head":"<!-- This site is optimized with the Yoast SEO plugin v25.6 - https:\/\/yoast.com\/wordpress\/plugins\/seo\/ -->\n<title>Unsere Geschichte - Sprachzentrum Moose<\/title>\n<meta name=\"robots\" content=\"index, follow, max-snippet:-1, max-image-preview:large, max-video-preview:-1\" \/>\n<link rel=\"canonical\" href=\"https:\/\/moose.de\/it_it\/unsere-geschichte\/\" \/>\n<meta property=\"og:locale\" content=\"it_IT\" \/>\n<meta property=\"og:type\" content=\"article\" \/>\n<meta property=\"og:title\" content=\"Unsere Geschichte - Sprachzentrum Moose\" \/>\n<meta property=\"og:description\" content=\"Unsere Geschichte Von einer einfachen Englischstunde zu einem internationalen Bildungsnetzwerk Alles begann im Jahr 1994, als Marek Los, damals Jurastudent,&#8230;\" \/>\n<meta property=\"og:url\" content=\"https:\/\/moose.de\/it_it\/unsere-geschichte\/\" \/>\n<meta property=\"og:site_name\" content=\"Sprachzentrum Moose\" \/>\n<meta property=\"article:publisher\" content=\"https:\/\/www.facebook.com\/centrolinguisticomoose\" \/>\n<meta property=\"article:modified_time\" content=\"2025-07-30T08:28:37+00:00\" \/>\n<meta property=\"og:image\" content=\"https:\/\/s.w.org\/images\/core\/emoji\/16.0.1\/svg\/1f7e8.svg\" \/>\n<meta name=\"twitter:card\" content=\"summary_large_image\" \/>\n<meta name=\"twitter:label1\" content=\"Tempo di lettura stimato\" \/>\n\t<meta name=\"twitter:data1\" content=\"3 minuti\" \/>\n<script type=\"application\/ld+json\" class=\"yoast-schema-graph\">{\"@context\":\"https:\/\/schema.org\",\"@graph\":[{\"@type\":\"WebPage\",\"@id\":\"https:\/\/moose.de\/unsere-geschichte\/\",\"url\":\"https:\/\/moose.de\/unsere-geschichte\/\",\"name\":\"Unsere Geschichte - Sprachzentrum Moose\",\"isPartOf\":{\"@id\":\"https:\/\/moose.de\/#website\"},\"primaryImageOfPage\":{\"@id\":\"https:\/\/moose.de\/unsere-geschichte\/#primaryimage\"},\"image\":{\"@id\":\"https:\/\/moose.de\/unsere-geschichte\/#primaryimage\"},\"thumbnailUrl\":\"https:\/\/s.w.org\/images\/core\/emoji\/16.0.1\/svg\/1f7e8.svg\",\"datePublished\":\"2025-07-30T06:41:39+00:00\",\"dateModified\":\"2025-07-30T08:28:37+00:00\",\"breadcrumb\":{\"@id\":\"https:\/\/moose.de\/unsere-geschichte\/#breadcrumb\"},\"inLanguage\":\"it-IT\",\"potentialAction\":[{\"@type\":\"ReadAction\",\"target\":[\"https:\/\/moose.de\/unsere-geschichte\/\"]}]},{\"@type\":\"ImageObject\",\"inLanguage\":\"it-IT\",\"@id\":\"https:\/\/moose.de\/unsere-geschichte\/#primaryimage\",\"url\":\"https:\/\/s.w.org\/images\/core\/emoji\/16.0.1\/svg\/1f7e8.svg\",\"contentUrl\":\"https:\/\/s.w.org\/images\/core\/emoji\/16.0.1\/svg\/1f7e8.svg\"},{\"@type\":\"BreadcrumbList\",\"@id\":\"https:\/\/moose.de\/unsere-geschichte\/#breadcrumb\",\"itemListElement\":[{\"@type\":\"ListItem\",\"position\":1,\"name\":\"Home\",\"item\":\"https:\/\/moose.de\/\"},{\"@type\":\"ListItem\",\"position\":2,\"name\":\"Unsere Geschichte\"}]},{\"@type\":\"WebSite\",\"@id\":\"https:\/\/moose.de\/#website\",\"url\":\"https:\/\/moose.de\/\",\"name\":\"Centro Linguistico Moose\",\"description\":\"Sprachzentrum in Berlin\",\"publisher\":{\"@id\":\"https:\/\/moose.de\/#organization\"},\"alternateName\":\"Moose\",\"potentialAction\":[{\"@type\":\"SearchAction\",\"target\":{\"@type\":\"EntryPoint\",\"urlTemplate\":\"https:\/\/moose.de\/?s={search_term_string}\"},\"query-input\":{\"@type\":\"PropertyValueSpecification\",\"valueRequired\":true,\"valueName\":\"search_term_string\"}}],\"inLanguage\":\"it-IT\"},{\"@type\":\"Organization\",\"@id\":\"https:\/\/moose.de\/#organization\",\"name\":\"Centro Linguistico Moose\",\"url\":\"https:\/\/moose.de\/\",\"logo\":{\"@type\":\"ImageObject\",\"inLanguage\":\"it-IT\",\"@id\":\"https:\/\/moose.de\/#\/schema\/logo\/image\/\",\"url\":\"https:\/\/moose.de\/wp-content\/uploads\/2024\/04\/MooseCentroLinguistico-e1714147189790.png\",\"contentUrl\":\"https:\/\/moose.de\/wp-content\/uploads\/2024\/04\/MooseCentroLinguistico-e1714147189790.png\",\"width\":691,\"height\":271,\"caption\":\"Centro Linguistico Moose\"},\"image\":{\"@id\":\"https:\/\/moose.de\/#\/schema\/logo\/image\/\"},\"sameAs\":[\"https:\/\/www.facebook.com\/centrolinguisticomoose\"]}]}<\/script>\n<!-- \/ Yoast SEO plugin. -->","yoast_head_json":{"title":"Unsere Geschichte - Sprachzentrum Moose","robots":{"index":"index","follow":"follow","max-snippet":"max-snippet:-1","max-image-preview":"max-image-preview:large","max-video-preview":"max-video-preview:-1"},"canonical":"https:\/\/moose.de\/it_it\/unsere-geschichte\/","og_locale":"it_IT","og_type":"article","og_title":"Unsere Geschichte - Sprachzentrum Moose","og_description":"Unsere Geschichte Von einer einfachen Englischstunde zu einem internationalen Bildungsnetzwerk Alles begann im Jahr 1994, als Marek Los, damals Jurastudent,&#8230;","og_url":"https:\/\/moose.de\/it_it\/unsere-geschichte\/","og_site_name":"Sprachzentrum Moose","article_publisher":"https:\/\/www.facebook.com\/centrolinguisticomoose","article_modified_time":"2025-07-30T08:28:37+00:00","og_image":[{"url":"https:\/\/s.w.org\/images\/core\/emoji\/16.0.1\/svg\/1f7e8.svg","type":"","width":"","height":""}],"twitter_card":"summary_large_image","twitter_misc":{"Tempo di lettura stimato":"3 minuti"},"schema":{"@context":"https:\/\/schema.org","@graph":[{"@type":"WebPage","@id":"https:\/\/moose.de\/unsere-geschichte\/","url":"https:\/\/moose.de\/unsere-geschichte\/","name":"Unsere Geschichte - Sprachzentrum Moose","isPartOf":{"@id":"https:\/\/moose.de\/#website"},"primaryImageOfPage":{"@id":"https:\/\/moose.de\/unsere-geschichte\/#primaryimage"},"image":{"@id":"https:\/\/moose.de\/unsere-geschichte\/#primaryimage"},"thumbnailUrl":"https:\/\/s.w.org\/images\/core\/emoji\/16.0.1\/svg\/1f7e8.svg","datePublished":"2025-07-30T06:41:39+00:00","dateModified":"2025-07-30T08:28:37+00:00","breadcrumb":{"@id":"https:\/\/moose.de\/unsere-geschichte\/#breadcrumb"},"inLanguage":"it-IT","potentialAction":[{"@type":"ReadAction","target":["https:\/\/moose.de\/unsere-geschichte\/"]}]},{"@type":"ImageObject","inLanguage":"it-IT","@id":"https:\/\/moose.de\/unsere-geschichte\/#primaryimage","url":"https:\/\/s.w.org\/images\/core\/emoji\/16.0.1\/svg\/1f7e8.svg","contentUrl":"https:\/\/s.w.org\/images\/core\/emoji\/16.0.1\/svg\/1f7e8.svg"},{"@type":"BreadcrumbList","@id":"https:\/\/moose.de\/unsere-geschichte\/#breadcrumb","itemListElement":[{"@type":"ListItem","position":1,"name":"Home","item":"https:\/\/moose.de\/"},{"@type":"ListItem","position":2,"name":"Unsere Geschichte"}]},{"@type":"WebSite","@id":"https:\/\/moose.de\/#website","url":"https:\/\/moose.de\/","name":"Centro Linguistico Moose","description":"Sprachzentrum in Berlin","publisher":{"@id":"https:\/\/moose.de\/#organization"},"alternateName":"Moose","potentialAction":[{"@type":"SearchAction","target":{"@type":"EntryPoint","urlTemplate":"https:\/\/moose.de\/?s={search_term_string}"},"query-input":{"@type":"PropertyValueSpecification","valueRequired":true,"valueName":"search_term_string"}}],"inLanguage":"it-IT"},{"@type":"Organization","@id":"https:\/\/moose.de\/#organization","name":"Centro Linguistico Moose","url":"https:\/\/moose.de\/","logo":{"@type":"ImageObject","inLanguage":"it-IT","@id":"https:\/\/moose.de\/#\/schema\/logo\/image\/","url":"https:\/\/moose.de\/wp-content\/uploads\/2024\/04\/MooseCentroLinguistico-e1714147189790.png","contentUrl":"https:\/\/moose.de\/wp-content\/uploads\/2024\/04\/MooseCentroLinguistico-e1714147189790.png","width":691,"height":271,"caption":"Centro Linguistico Moose"},"image":{"@id":"https:\/\/moose.de\/#\/schema\/logo\/image\/"},"sameAs":["https:\/\/www.facebook.com\/centrolinguisticomoose"]}]}},"_links":{"self":[{"href":"https:\/\/moose.de\/it_it\/wp-json\/wp\/v2\/pages\/25671","targetHints":{"allow":["GET"]}}],"collection":[{"href":"https:\/\/moose.de\/it_it\/wp-json\/wp\/v2\/pages"}],"about":[{"href":"https:\/\/moose.de\/it_it\/wp-json\/wp\/v2\/types\/page"}],"author":[{"embeddable":true,"href":"https:\/\/moose.de\/it_it\/wp-json\/wp\/v2\/users\/13"}],"replies":[{"embeddable":true,"href":"https:\/\/moose.de\/it_it\/wp-json\/wp\/v2\/comments?post=25671"}],"version-history":[{"count":13,"href":"https:\/\/moose.de\/it_it\/wp-json\/wp\/v2\/pages\/25671\/revisions"}],"predecessor-version":[{"id":25818,"href":"https:\/\/moose.de\/it_it\/wp-json\/wp\/v2\/pages\/25671\/revisions\/25818"}],"wp:attachment":[{"href":"https:\/\/moose.de\/it_it\/wp-json\/wp\/v2\/media?parent=25671"}],"curies":[{"name":"wp","href":"https:\/\/api.w.org\/{rel}","templated":true}]}}