{"id":23043,"date":"2024-07-10T10:36:30","date_gmt":"2024-07-10T10:36:30","guid":{"rendered":"http:\/\/moose.de\/?page_id=23043"},"modified":"2025-09-04T07:56:53","modified_gmt":"2025-09-04T07:56:53","slug":"arbeiten-sie-mit-uns","status":"publish","type":"page","link":"https:\/\/moose.de\/it_it\/arbeiten-sie-mit-uns\/","title":{"rendered":"Karriere &#038; Jobs"},"content":{"rendered":"\t\t<div data-elementor-type=\"wp-page\" data-elementor-id=\"23043\" class=\"elementor elementor-23043\">\n\t\t\t\t\t\t<section class=\"elementor-section elementor-top-section elementor-element elementor-element-7ed12df elementor-section-boxed elementor-section-height-default elementor-section-height-default\" data-id=\"7ed12df\" data-element_type=\"section\">\n\t\t\t\t\t\t<div class=\"elementor-container elementor-column-gap-extended\">\n\t\t\t\t\t<div class=\"elementor-column elementor-col-50 elementor-top-column elementor-element elementor-element-c8aa340\" data-id=\"c8aa340\" data-element_type=\"column\">\n\t\t\t<div class=\"elementor-widget-wrap elementor-element-populated\">\n\t\t\t\t\t\t<div class=\"elementor-element elementor-element-27dd31a edublink-br-m-none elementor-invisible elementor-widget elementor-widget-edublink-heading\" data-id=\"27dd31a\" data-element_type=\"widget\" data-settings=\"{&quot;_animation&quot;:&quot;edublink--slide-up&quot;,&quot;_animation_delay&quot;:150}\" data-widget_type=\"edublink-heading.default\">\n\t\t\t\t<div class=\"elementor-widget-container\">\n\t\t\t\t\t<div class=\"edublink-section-heading\"><span class=\"pre-heading\">Werden Sie Teil unseres Teams von Sprachlehrkr\u00e4ften!<\/span><h3 class=\"heading\">Karriere &amp; Jobs<\/h3><div class=\"title-shape\"><i class=\"icon-19\"><\/i><\/div><\/div>\t\t\t\t<\/div>\n\t\t\t\t<\/div>\n\t\t\t\t<div class=\"elementor-element elementor-element-595dd16 elementor-widget elementor-widget-text-editor\" data-id=\"595dd16\" data-element_type=\"widget\" data-widget_type=\"text-editor.default\">\n\t\t\t\t<div class=\"elementor-widget-container\">\n\t\t\t\t\t\t\t\t\t<p>Unsere Sprachschule sucht qualifizierte Lehrkr\u00e4fte, die Teil unseres dynamischen Teams werden m\u00f6chten. Wir bieten ein motivierendes Arbeitsumfeld, M\u00f6glichkeiten zur beruflichen Weiterentwicklung und die Chance, einen echten Unterschied im Leben unserer Lernenden zu machen.<\/p><p><strong>Wen wir suchen:<\/strong><\/p><ul><li>Hochschulabsolventen in Sprachwissenschaften oder verwandten F\u00e4chern<\/li><li>Muttersprachler*Innen bzw. Lehrkr\u00e4fte mit anerkannten Sprachzertifikaten<\/li><li><p>Erfahrung im Unterrichten von Fremdsprachen<\/p><\/li><li>Leidenschaft f\u00fcr das Unterrichten und die F\u00e4higkeit, sich an unterschiedliche Lernstile anzupassen<\/li><li>Ausgezeichnete Kommunikations- und Sozialkompetenzen.<\/li><\/ul><p><strong>Um sich zu bewerben, f\u00fcllen Sie bitte alle erforderlichen Felder im Kontaktformular auf dieser Seite aus.<\/strong><\/p>\t\t\t\t\t\t\t\t<\/div>\n\t\t\t\t<\/div>\n\t\t\t\t\t<\/div>\n\t\t<\/div>\n\t\t\t\t<div class=\"elementor-column elementor-col-50 elementor-top-column elementor-element elementor-element-88dca94\" data-id=\"88dca94\" data-element_type=\"column\" data-settings=\"{&quot;background_background&quot;:&quot;classic&quot;}\">\n\t\t\t<div class=\"elementor-widget-wrap elementor-element-populated\">\n\t\t\t\t\t\t<div class=\"elementor-element elementor-element-3a53f08 elementor-widget__width-auto elementor-absolute elementor-hidden-tablet_extra elementor-hidden-tablet elementor-hidden-mobile_extra elementor-hidden-mobile elementor-widget elementor-widget-edublink-animation\" data-id=\"3a53f08\" data-element_type=\"widget\" data-settings=\"{&quot;_position&quot;:&quot;absolute&quot;}\" data-widget_type=\"edublink-animation.default\">\n\t\t\t\t<div class=\"elementor-widget-container\">\n\t\t\t\t\t<div class=\"edublink-animation-widget edublink-animation-display-type-mouse-track edublink-animation-content-type-image edublink-mouse-track-item\"><span data-depth=\"-1.5\"><img decoding=\"async\" src=\"https:\/\/moose.de\/wp-content\/uploads\/2023\/05\/shape-02.png\" alt=\"Hero-Shape-18\"><\/span><\/div>\t\t\t\t<\/div>\n\t\t\t\t<\/div>\n\t\t<div class=\"elementor-element elementor-element-5690efc e-con-full e-flex e-con e-child\" data-id=\"5690efc\" data-element_type=\"container\">\n\t\t\t\t<div class=\"elementor-element elementor-element-463b07d edublink-br-m-none elementor-invisible elementor-widget elementor-widget-edublink-heading\" data-id=\"463b07d\" data-element_type=\"widget\" data-settings=\"{&quot;_animation&quot;:&quot;edublink--slide-up&quot;,&quot;_animation_delay&quot;:150}\" data-widget_type=\"edublink-heading.default\">\n\t\t\t\t<div class=\"elementor-widget-container\">\n\t\t\t\t\t<div class=\"edublink-section-heading\"><span class=\"pre-heading\">INITIATIVBEWERBUNG<\/span><h3 class=\"heading\">Senden Sie uns Ihre Bewerbung<\/h3><div class=\"title-shape\"><i class=\"icon-19\"><\/i><\/div><\/div>\t\t\t\t<\/div>\n\t\t\t\t<\/div>\n\t\t\t\t<div class=\"elementor-element elementor-element-43b0ae4 elementor-widget elementor-widget-edublink-contact-form-seven\" data-id=\"43b0ae4\" data-element_type=\"widget\" data-widget_type=\"edublink-contact-form-seven.default\">\n\t\t\t\t<div class=\"elementor-widget-container\">\n\t\t\t\t\t<div class=\"edublink-contact-form-wrapper\">\n<div class=\"wpcf7 no-js\" id=\"wpcf7-f23079-o1\" lang=\"en-US\" dir=\"ltr\" data-wpcf7-id=\"23079\">\n<div class=\"screen-reader-response\"><p role=\"status\" aria-live=\"polite\" aria-atomic=\"true\"><\/p> <ul><\/ul><\/div>\n<form action=\"\/it_it\/wp-json\/wp\/v2\/pages\/23043#wpcf7-f23079-o1\" method=\"post\" class=\"wpcf7-form init\" aria-label=\"Contact form\" enctype=\"multipart\/form-data\" novalidate=\"novalidate\" data-status=\"init\">\n<fieldset class=\"hidden-fields-container\"><input type=\"hidden\" name=\"_wpcf7\" value=\"23079\" \/><input type=\"hidden\" name=\"_wpcf7_version\" value=\"6.1\" \/><input type=\"hidden\" name=\"_wpcf7_locale\" value=\"en_US\" \/><input type=\"hidden\" name=\"_wpcf7_unit_tag\" value=\"wpcf7-f23079-o1\" \/><input type=\"hidden\" name=\"_wpcf7_container_post\" value=\"0\" \/><input type=\"hidden\" name=\"_wpcf7_posted_data_hash\" value=\"\" \/><input type=\"hidden\" name=\"_wpcf7_recaptcha_response\" value=\"\" \/>\n<\/fieldset>\n<div class=\"edublink-contact-form-wrapper eb-contact-me-form\">\n\t<div class=\"edublink-row\">\n\t\t<div class=\"edublink-col-lg-6\">\n\t\t\t<div class=\"edublink-contact-form-single-item mb--20\">\n\t\t\t\t<div class=\"edublink-contact-form-single-item-content\">\n\t\t\t\t\t<p><span class=\"wpcf7-form-control-wrap\" data-name=\"Nome\"><input size=\"40\" maxlength=\"400\" class=\"wpcf7-form-control wpcf7-text wpcf7-validates-as-required edublink-contact-form-field\" aria-required=\"true\" aria-invalid=\"false\" placeholder=\"Vorname *\" value=\"\" type=\"text\" name=\"Nome\" \/><\/span>\n\t\t\t\t\t<\/p>\n\t\t\t\t<\/div>\n\t\t\t<\/div>\n\t\t<\/div>\n\t\t<div class=\"edublink-col-lg-6\">\n\t\t\t<div class=\"edublink-contact-form-single-item mb--20\">\n\t\t\t\t<div class=\"edublink-contact-form-single-item-content\">\n\t\t\t\t\t<p><span class=\"wpcf7-form-control-wrap\" data-name=\"Cognome\"><input size=\"40\" maxlength=\"400\" class=\"wpcf7-form-control wpcf7-text wpcf7-validates-as-required edublink-contact-form-field\" aria-required=\"true\" aria-invalid=\"false\" placeholder=\"Nachname *\" value=\"\" type=\"text\" name=\"Cognome\" \/><\/span>\n\t\t\t\t\t<\/p>\n\t\t\t\t<\/div>\n\t\t\t<\/div>\n\t\t<\/div>\n\t\t<div class=\"edublink-col-lg-6\">\n\t\t\t<div class=\"edublink-contact-form-single-item mb--20\">\n\t\t\t\t<div class=\"edublink-contact-form-single-item-content\">\n\t\t\t\t\t<p><span class=\"wpcf7-form-control-wrap\" data-name=\"email-349\"><input size=\"40\" maxlength=\"400\" class=\"wpcf7-form-control wpcf7-email wpcf7-validates-as-required wpcf7-text wpcf7-validates-as-email edublink-contact-form-field\" aria-required=\"true\" aria-invalid=\"false\" placeholder=\"E-Mail *\" value=\"\" type=\"email\" name=\"email-349\" \/><\/span>\n\t\t\t\t\t<\/p>\n\t\t\t\t<\/div>\n\t\t\t<\/div>\n\t\t<\/div>\n\t\t<div class=\"edublink-col-lg-6\">\n\t\t\t<div class=\"edublink-contact-form-single-item mb--20\">\n\t\t\t\t<div class=\"edublink-contact-form-single-item-content\">\n\t\t\t\t\t<p><span class=\"wpcf7-form-control-wrap\" data-name=\"phonetext-261\"><input size=\"40\" class=\"wpcf7-form-control wpcf7-phonetext wpcf7-validates-as-required wpcf7-text wpcf7-validates-as-phonetext edublink-contact-form-field\" data-numberonly=\"true\" aria-required=\"true\" aria-invalid=\"false\" placeholder=\"Telefonnummer *\" value=\"\" type=\"text\" name=\"phonetext-261\" \/><input type=\"hidden\" name=\"phonetext-261-country-code\" class=\"wpcf7-phonetext-country-code\" \/><\/span>\n\t\t\t\t\t<\/p>\n\t\t\t\t<\/div>\n\t\t\t<\/div>\n\t\t<\/div>\n\t<\/div>\n\t<div class=\"edublink-contact-form-single-item\">\n\t\t<div class=\"edublink-contact-form-single-item-content\">\n\t\t\t<p><span class=\"wpcf7-form-control-wrap\" data-name=\"Materia\"><input size=\"40\" maxlength=\"400\" class=\"wpcf7-form-control wpcf7-text edublink-contact-form-field\" aria-invalid=\"false\" placeholder=\"Fachgebiet, f\u00fcr das Sie sich bewerben\" value=\"\" type=\"text\" name=\"Materia\" \/><\/span>\n\t\t\t<\/p>\n\t\t<\/div>\n\t<\/div>\n\t<div class=\"edublink-contact-form-single-item\">\n\t\t<div class=\"edublink-contact-form-single-item-content edublink-contact-form-textarea\">\n\t\t\t<p><span class=\"wpcf7-form-control-wrap\" data-name=\"Messaggio\"><textarea cols=\"40\" rows=\"5\" maxlength=\"2000\" class=\"wpcf7-form-control wpcf7-textarea wpcf7-validates-as-required edublink-contact-form-textarea edublink-contact-form-field\" aria-required=\"true\" aria-invalid=\"false\" placeholder=\"Berufserfahrung (falls vorhanden)\" name=\"Messaggio\"><\/textarea><\/span>\n\t\t\t<\/p>\n\t\t<\/div>\n\t<\/div>\n<\/div>\n<div class=\"edublink-contact-form-single-item\">\n\t<div class=\"scegli-file\">\n\t\t<p><span class=\"wpcf7-form-control-wrap\" data-name=\"file-693\"><input size=\"40\" class=\"wpcf7-form-control wpcf7-file wpcf7-validates-as-required\" accept=\".pdf,.docx\" aria-required=\"true\" aria-invalid=\"false\" type=\"file\" name=\"file-693\" \/><\/span>\n\t\t<\/p>\n\t<\/div>\n<\/div>\n<p><span class=\"wpcf7-form-control-wrap\" data-name=\"acceptance-437\"><span class=\"wpcf7-form-control wpcf7-acceptance\"><span class=\"wpcf7-list-item\"><label><input type=\"checkbox\" name=\"acceptance-437\" value=\"1\" aria-invalid=\"false\" \/><span class=\"wpcf7-list-item-label\">Ich best\u00e4tige, <a href=\"https:\/\/moose.de\/privacy-policy\/\">die Datenschutzerkl\u00e4rung<\/a> zur Kenntnis genommen zu haben und willige in die Verarbeitung der bereitgestellten Daten gem\u00e4\u00df den darin enthaltenen Bestimmungen ein.<\/span><\/label><\/span><\/span><\/span>\n<\/p>\n<div class=\"edublink-contact-button-container\">\n\t<div class=\"edublink-contact-form-single-item eb-contact-button\">\n\t\t<div class=\"eb-contact-button-wrapper\">\n\t\t\t<p><input class=\"wpcf7-form-control wpcf7-submit has-spinner edublink-button-with-icon\" type=\"submit\" value=\"Bewerbung senden\" \/>\n\t\t\t<\/p>\n\t\t<\/div>\n\t<\/div>\n<\/div>\n<div class=\"wpcf7-response-output\" aria-hidden=\"true\"><\/div>\n<\/form>\n<\/div>\n<\/div>\t\t\t\t<\/div>\n\t\t\t\t<\/div>\n\t\t\t\t<\/div>\n\t\t\t\t\t<\/div>\n\t\t<\/div>\n\t\t\t\t\t<\/div>\n\t\t<\/section>\n\t\t\t\t<section class=\"elementor-section elementor-top-section elementor-element elementor-element-a7d265d elementor-section-full_width elementor-section-height-default elementor-section-height-default\" data-id=\"a7d265d\" data-element_type=\"section\">\n\t\t\t\t\t\t<div class=\"elementor-container elementor-column-gap-no\">\n\t\t\t\t\t<div class=\"elementor-column elementor-col-100 elementor-top-column elementor-element elementor-element-102888e\" data-id=\"102888e\" data-element_type=\"column\">\n\t\t\t<div class=\"elementor-widget-wrap elementor-element-populated\">\n\t\t\t\t\t\t<div class=\"elementor-element elementor-element-3ac55f1 elementor-widget elementor-widget-google_maps\" data-id=\"3ac55f1\" data-element_type=\"widget\" data-widget_type=\"google_maps.default\">\n\t\t\t\t<div class=\"elementor-widget-container\">\n\t\t\t\t\t\t\t<div class=\"elementor-custom-embed\">\n\t\t\t<iframe loading=\"lazy\"\n\t\t\t\t\tsrc=\"https:\/\/maps.google.com\/maps?q=Stra%C3%9Fe%3AFriedrichstr.%20155%2010117%20Berlin%2C%20Berlin%20Germany&#038;t=m&#038;z=16&#038;output=embed&#038;iwloc=near\"\n\t\t\t\t\ttitle=\"Stra\u00dfe:Friedrichstr. 155 10117 Berlin, Berlin Germany\"\n\t\t\t\t\taria-label=\"Stra\u00dfe:Friedrichstr. 155 10117 Berlin, Berlin Germany\"\n\t\t\t><\/iframe>\n\t\t<\/div>\n\t\t\t\t\t\t<\/div>\n\t\t\t\t<\/div>\n\t\t\t\t\t<\/div>\n\t\t<\/div>\n\t\t\t\t\t<\/div>\n\t\t<\/section>\n\t\t\t\t<\/div>\n\t\t","protected":false},"excerpt":{"rendered":"<p>Werden Sie Teil unseres Teams von Sprachlehrkr\u00e4ften! Karriere &amp; Jobs Unsere Sprachschule sucht qualifizierte Lehrkr\u00e4fte, die Teil unseres dynamischen Teams&#8230;<\/p>\n","protected":false},"author":1,"featured_media":0,"parent":0,"menu_order":0,"comment_status":"closed","ping_status":"closed","template":"","meta":{"inline_featured_image":false,"footnotes":""},"class_list":["post-23043","page","type-page","status-publish","hentry"],"yoast_head":"<!-- This site is optimized with the Yoast SEO plugin v25.6 - https:\/\/yoast.com\/wordpress\/plugins\/seo\/ -->\n<title>Karriere &amp; Jobs - Sprachzentrum Moose<\/title>\n<meta name=\"robots\" content=\"index, follow, max-snippet:-1, max-image-preview:large, max-video-preview:-1\" \/>\n<link rel=\"canonical\" href=\"https:\/\/moose.de\/it_it\/arbeiten-sie-mit-uns\/\" \/>\n<meta property=\"og:locale\" content=\"it_IT\" \/>\n<meta property=\"og:type\" content=\"article\" \/>\n<meta property=\"og:title\" content=\"Karriere &amp; Jobs - Sprachzentrum Moose\" \/>\n<meta property=\"og:description\" content=\"Werden Sie Teil unseres Teams von Sprachlehrkr\u00e4ften! Karriere &amp; Jobs Unsere Sprachschule sucht qualifizierte Lehrkr\u00e4fte, die Teil unseres dynamischen Teams&#8230;\" \/>\n<meta property=\"og:url\" content=\"https:\/\/moose.de\/it_it\/arbeiten-sie-mit-uns\/\" \/>\n<meta property=\"og:site_name\" content=\"Sprachzentrum Moose\" \/>\n<meta property=\"article:publisher\" content=\"https:\/\/www.facebook.com\/centrolinguisticomoose\" \/>\n<meta property=\"article:modified_time\" content=\"2025-09-04T07:56:53+00:00\" \/>\n<meta property=\"og:image\" content=\"https:\/\/moose.de\/wp-content\/uploads\/2023\/05\/shape-02.png\" \/>\n<meta name=\"twitter:card\" content=\"summary_large_image\" \/>\n<meta name=\"twitter:label1\" content=\"Tempo di lettura stimato\" \/>\n\t<meta name=\"twitter:data1\" content=\"1 minuto\" \/>\n<script type=\"application\/ld+json\" class=\"yoast-schema-graph\">{\"@context\":\"https:\/\/schema.org\",\"@graph\":[{\"@type\":\"WebPage\",\"@id\":\"https:\/\/moose.de\/arbeiten-sie-mit-uns\/\",\"url\":\"https:\/\/moose.de\/arbeiten-sie-mit-uns\/\",\"name\":\"Karriere & Jobs - Sprachzentrum Moose\",\"isPartOf\":{\"@id\":\"https:\/\/moose.de\/#website\"},\"primaryImageOfPage\":{\"@id\":\"https:\/\/moose.de\/arbeiten-sie-mit-uns\/#primaryimage\"},\"image\":{\"@id\":\"https:\/\/moose.de\/arbeiten-sie-mit-uns\/#primaryimage\"},\"thumbnailUrl\":\"https:\/\/moose.de\/wp-content\/uploads\/2023\/05\/shape-02.png\",\"datePublished\":\"2024-07-10T10:36:30+00:00\",\"dateModified\":\"2025-09-04T07:56:53+00:00\",\"breadcrumb\":{\"@id\":\"https:\/\/moose.de\/arbeiten-sie-mit-uns\/#breadcrumb\"},\"inLanguage\":\"it-IT\",\"potentialAction\":[{\"@type\":\"ReadAction\",\"target\":[\"https:\/\/moose.de\/arbeiten-sie-mit-uns\/\"]}]},{\"@type\":\"ImageObject\",\"inLanguage\":\"it-IT\",\"@id\":\"https:\/\/moose.de\/arbeiten-sie-mit-uns\/#primaryimage\",\"url\":\"https:\/\/moose.de\/wp-content\/uploads\/2023\/05\/shape-02.png\",\"contentUrl\":\"https:\/\/moose.de\/wp-content\/uploads\/2023\/05\/shape-02.png\"},{\"@type\":\"BreadcrumbList\",\"@id\":\"https:\/\/moose.de\/arbeiten-sie-mit-uns\/#breadcrumb\",\"itemListElement\":[{\"@type\":\"ListItem\",\"position\":1,\"name\":\"Home\",\"item\":\"https:\/\/moose.de\/\"},{\"@type\":\"ListItem\",\"position\":2,\"name\":\"Karriere &#038; Jobs\"}]},{\"@type\":\"WebSite\",\"@id\":\"https:\/\/moose.de\/#website\",\"url\":\"https:\/\/moose.de\/\",\"name\":\"Centro Linguistico Moose\",\"description\":\"Sprachzentrum in Berlin\",\"publisher\":{\"@id\":\"https:\/\/moose.de\/#organization\"},\"alternateName\":\"Moose\",\"potentialAction\":[{\"@type\":\"SearchAction\",\"target\":{\"@type\":\"EntryPoint\",\"urlTemplate\":\"https:\/\/moose.de\/?s={search_term_string}\"},\"query-input\":{\"@type\":\"PropertyValueSpecification\",\"valueRequired\":true,\"valueName\":\"search_term_string\"}}],\"inLanguage\":\"it-IT\"},{\"@type\":\"Organization\",\"@id\":\"https:\/\/moose.de\/#organization\",\"name\":\"Centro Linguistico Moose\",\"url\":\"https:\/\/moose.de\/\",\"logo\":{\"@type\":\"ImageObject\",\"inLanguage\":\"it-IT\",\"@id\":\"https:\/\/moose.de\/#\/schema\/logo\/image\/\",\"url\":\"https:\/\/moose.de\/wp-content\/uploads\/2024\/04\/MooseCentroLinguistico-e1714147189790.png\",\"contentUrl\":\"https:\/\/moose.de\/wp-content\/uploads\/2024\/04\/MooseCentroLinguistico-e1714147189790.png\",\"width\":691,\"height\":271,\"caption\":\"Centro Linguistico Moose\"},\"image\":{\"@id\":\"https:\/\/moose.de\/#\/schema\/logo\/image\/\"},\"sameAs\":[\"https:\/\/www.facebook.com\/centrolinguisticomoose\"]}]}<\/script>\n<!-- \/ Yoast SEO plugin. -->","yoast_head_json":{"title":"Karriere & Jobs - Sprachzentrum Moose","robots":{"index":"index","follow":"follow","max-snippet":"max-snippet:-1","max-image-preview":"max-image-preview:large","max-video-preview":"max-video-preview:-1"},"canonical":"https:\/\/moose.de\/it_it\/arbeiten-sie-mit-uns\/","og_locale":"it_IT","og_type":"article","og_title":"Karriere & Jobs - Sprachzentrum Moose","og_description":"Werden Sie Teil unseres Teams von Sprachlehrkr\u00e4ften! Karriere &amp; Jobs Unsere Sprachschule sucht qualifizierte Lehrkr\u00e4fte, die Teil unseres dynamischen Teams&#8230;","og_url":"https:\/\/moose.de\/it_it\/arbeiten-sie-mit-uns\/","og_site_name":"Sprachzentrum Moose","article_publisher":"https:\/\/www.facebook.com\/centrolinguisticomoose","article_modified_time":"2025-09-04T07:56:53+00:00","og_image":[{"url":"https:\/\/moose.de\/wp-content\/uploads\/2023\/05\/shape-02.png","type":"","width":"","height":""}],"twitter_card":"summary_large_image","twitter_misc":{"Tempo di lettura stimato":"1 minuto"},"schema":{"@context":"https:\/\/schema.org","@graph":[{"@type":"WebPage","@id":"https:\/\/moose.de\/arbeiten-sie-mit-uns\/","url":"https:\/\/moose.de\/arbeiten-sie-mit-uns\/","name":"Karriere & Jobs - Sprachzentrum Moose","isPartOf":{"@id":"https:\/\/moose.de\/#website"},"primaryImageOfPage":{"@id":"https:\/\/moose.de\/arbeiten-sie-mit-uns\/#primaryimage"},"image":{"@id":"https:\/\/moose.de\/arbeiten-sie-mit-uns\/#primaryimage"},"thumbnailUrl":"https:\/\/moose.de\/wp-content\/uploads\/2023\/05\/shape-02.png","datePublished":"2024-07-10T10:36:30+00:00","dateModified":"2025-09-04T07:56:53+00:00","breadcrumb":{"@id":"https:\/\/moose.de\/arbeiten-sie-mit-uns\/#breadcrumb"},"inLanguage":"it-IT","potentialAction":[{"@type":"ReadAction","target":["https:\/\/moose.de\/arbeiten-sie-mit-uns\/"]}]},{"@type":"ImageObject","inLanguage":"it-IT","@id":"https:\/\/moose.de\/arbeiten-sie-mit-uns\/#primaryimage","url":"https:\/\/moose.de\/wp-content\/uploads\/2023\/05\/shape-02.png","contentUrl":"https:\/\/moose.de\/wp-content\/uploads\/2023\/05\/shape-02.png"},{"@type":"BreadcrumbList","@id":"https:\/\/moose.de\/arbeiten-sie-mit-uns\/#breadcrumb","itemListElement":[{"@type":"ListItem","position":1,"name":"Home","item":"https:\/\/moose.de\/"},{"@type":"ListItem","position":2,"name":"Karriere &#038; Jobs"}]},{"@type":"WebSite","@id":"https:\/\/moose.de\/#website","url":"https:\/\/moose.de\/","name":"Centro Linguistico Moose","description":"Sprachzentrum in Berlin","publisher":{"@id":"https:\/\/moose.de\/#organization"},"alternateName":"Moose","potentialAction":[{"@type":"SearchAction","target":{"@type":"EntryPoint","urlTemplate":"https:\/\/moose.de\/?s={search_term_string}"},"query-input":{"@type":"PropertyValueSpecification","valueRequired":true,"valueName":"search_term_string"}}],"inLanguage":"it-IT"},{"@type":"Organization","@id":"https:\/\/moose.de\/#organization","name":"Centro Linguistico Moose","url":"https:\/\/moose.de\/","logo":{"@type":"ImageObject","inLanguage":"it-IT","@id":"https:\/\/moose.de\/#\/schema\/logo\/image\/","url":"https:\/\/moose.de\/wp-content\/uploads\/2024\/04\/MooseCentroLinguistico-e1714147189790.png","contentUrl":"https:\/\/moose.de\/wp-content\/uploads\/2024\/04\/MooseCentroLinguistico-e1714147189790.png","width":691,"height":271,"caption":"Centro Linguistico Moose"},"image":{"@id":"https:\/\/moose.de\/#\/schema\/logo\/image\/"},"sameAs":["https:\/\/www.facebook.com\/centrolinguisticomoose"]}]}},"_links":{"self":[{"href":"https:\/\/moose.de\/it_it\/wp-json\/wp\/v2\/pages\/23043","targetHints":{"allow":["GET"]}}],"collection":[{"href":"https:\/\/moose.de\/it_it\/wp-json\/wp\/v2\/pages"}],"about":[{"href":"https:\/\/moose.de\/it_it\/wp-json\/wp\/v2\/types\/page"}],"author":[{"embeddable":true,"href":"https:\/\/moose.de\/it_it\/wp-json\/wp\/v2\/users\/1"}],"replies":[{"embeddable":true,"href":"https:\/\/moose.de\/it_it\/wp-json\/wp\/v2\/comments?post=23043"}],"version-history":[{"count":99,"href":"https:\/\/moose.de\/it_it\/wp-json\/wp\/v2\/pages\/23043\/revisions"}],"predecessor-version":[{"id":27218,"href":"https:\/\/moose.de\/it_it\/wp-json\/wp\/v2\/pages\/23043\/revisions\/27218"}],"wp:attachment":[{"href":"https:\/\/moose.de\/it_it\/wp-json\/wp\/v2\/media?parent=23043"}],"curies":[{"name":"wp","href":"https:\/\/api.w.org\/{rel}","templated":true}]}}