{"id":20305,"date":"2024-05-09T07:19:59","date_gmt":"2024-05-09T07:19:59","guid":{"rendered":"http:\/\/moose.de\/?page_id=20305"},"modified":"2025-09-04T08:10:27","modified_gmt":"2025-09-04T08:10:27","slug":"ila-sprachzertifizierung","status":"publish","type":"page","link":"https:\/\/moose.de\/it_it\/zertifizierungen\/ila-sprachzertifizierung\/","title":{"rendered":"Il\u00e0\u00ae Sprachzertifikat"},"content":{"rendered":"\t\t<div data-elementor-type=\"wp-page\" data-elementor-id=\"20305\" class=\"elementor elementor-20305\">\n\t\t\t\t\t\t<section class=\"elementor-section elementor-top-section elementor-element elementor-element-f068db3 elementor-section-boxed elementor-section-height-default elementor-section-height-default\" data-id=\"f068db3\" data-element_type=\"section\">\n\t\t\t\t\t\t<div class=\"elementor-container elementor-column-gap-extended\">\n\t\t\t\t\t<div class=\"elementor-column elementor-col-50 elementor-top-column elementor-element elementor-element-942e51f\" data-id=\"942e51f\" data-element_type=\"column\">\n\t\t\t<div class=\"elementor-widget-wrap elementor-element-populated\">\n\t\t\t\t\t\t<div class=\"elementor-element elementor-element-1ca56ff elementor-widget elementor-widget-image\" data-id=\"1ca56ff\" data-element_type=\"widget\" data-widget_type=\"image.default\">\n\t\t\t\t<div class=\"elementor-widget-container\">\n\t\t\t\t\t\t\t\t\t\t\t\t\t\t\t<img fetchpriority=\"high\" decoding=\"async\" width=\"300\" height=\"300\" src=\"https:\/\/moose.de\/wp-content\/uploads\/2024\/05\/certificazione_ila-300x300.png\" class=\"attachment-medium size-medium wp-image-20312\" alt=\"\" srcset=\"https:\/\/moose.de\/wp-content\/uploads\/2024\/05\/certificazione_ila-300x300.png 300w, https:\/\/moose.de\/wp-content\/uploads\/2024\/05\/certificazione_ila-150x150.png 150w, https:\/\/moose.de\/wp-content\/uploads\/2024\/05\/certificazione_ila.png 730w\" sizes=\"(max-width: 300px) 100vw, 300px\" \/>\t\t\t\t\t\t\t\t\t\t\t\t\t\t\t<\/div>\n\t\t\t\t<\/div>\n\t\t\t\t<section class=\"elementor-section elementor-inner-section elementor-element elementor-element-a89434b elementor-section-full_width elementor-section-height-default elementor-section-height-default\" data-id=\"a89434b\" data-element_type=\"section\">\n\t\t\t\t\t\t<div class=\"elementor-container elementor-column-gap-no\">\n\t\t\t\t\t<div class=\"elementor-column elementor-col-100 elementor-inner-column elementor-element elementor-element-15fd3c5\" data-id=\"15fd3c5\" data-element_type=\"column\">\n\t\t\t<div class=\"elementor-widget-wrap elementor-element-populated\">\n\t\t\t\t\t\t<div class=\"elementor-element elementor-element-e638799 elementor-widget elementor-widget-heading\" data-id=\"e638799\" data-element_type=\"widget\" data-widget_type=\"heading.default\">\n\t\t\t\t<div class=\"elementor-widget-container\">\n\t\t\t\t\t<h4 class=\"elementor-heading-title elementor-size-default\">Kontakt<\/h4>\t\t\t\t<\/div>\n\t\t\t\t<\/div>\n\t\t\t\t<div class=\"elementor-element elementor-element-622b884 elementor-widget elementor-widget-text-editor\" data-id=\"622b884\" data-element_type=\"widget\" data-widget_type=\"text-editor.default\">\n\t\t\t\t<div class=\"elementor-widget-container\">\n\t\t\t\t\t\t\t\t\t<p><span class=\"edublink-font-secondary edublink-color-heading edublink-p-semi-bold\">Wo wir sind:<\/span> Friedrichstr. 155 10117 Berlin, Berlin Germany<br \/><span class=\"edublink-font-secondary edublink-color-heading edublink-p-semi-bold\">E-mail:<\/span> kurse@moose.de<br \/><span class=\"edublink-font-secondary edublink-color-heading edublink-p-semi-bold\">Telefon DE<\/span>: +49 15222307947<\/p><p><span class=\"edublink-font-secondary edublink-color-heading edublink-p-semi-bold\">Telefon CH<\/span>: +41 79 429 08 15<\/p><p>\u00a0<\/p><p>\u00a0<\/p>\t\t\t\t\t\t\t\t<\/div>\n\t\t\t\t<\/div>\n\t\t\t\t\t<\/div>\n\t\t<\/div>\n\t\t\t\t\t<\/div>\n\t\t<\/section>\n\t\t\t\t\t<\/div>\n\t\t<\/div>\n\t\t\t\t<div class=\"elementor-column elementor-col-50 elementor-top-column elementor-element elementor-element-b2eb3e1\" data-id=\"b2eb3e1\" data-element_type=\"column\">\n\t\t\t<div class=\"elementor-widget-wrap elementor-element-populated\">\n\t\t\t\t\t\t<section class=\"elementor-section elementor-inner-section elementor-element elementor-element-f67cf7f elementor-section-full_width elementor-section-height-default elementor-section-height-default\" data-id=\"f67cf7f\" data-element_type=\"section\">\n\t\t\t\t\t\t<div class=\"elementor-container elementor-column-gap-no\">\n\t\t\t\t\t<div class=\"elementor-column elementor-col-100 elementor-inner-column elementor-element elementor-element-7e33926\" data-id=\"7e33926\" data-element_type=\"column\">\n\t\t\t<div class=\"elementor-widget-wrap elementor-element-populated\">\n\t\t\t\t\t\t<div class=\"elementor-element elementor-element-2a20bfd edublink-br-m-none elementor-invisible elementor-widget elementor-widget-edublink-heading\" data-id=\"2a20bfd\" data-element_type=\"widget\" data-settings=\"{&quot;_animation&quot;:&quot;edublink--slide-up&quot;,&quot;_animation_delay&quot;:150}\" data-widget_type=\"edublink-heading.default\">\n\t\t\t\t<div class=\"elementor-widget-container\">\n\t\t\t\t\t<div class=\"edublink-section-heading\"><span class=\"pre-heading\">UNSERE SPRACHZERTIFIKATE<\/span><h3 class=\"heading\">\nIl\u00e0 \u00ae<\/h3><div class=\"title-shape\"><i class=\"icon-19\"><\/i><\/div><\/div>\t\t\t\t<\/div>\n\t\t\t\t<\/div>\n\t\t\t\t\t<\/div>\n\t\t<\/div>\n\t\t\t\t\t<\/div>\n\t\t<\/section>\n\t\t\t\t<section class=\"elementor-section elementor-inner-section elementor-element elementor-element-bdfe249 elementor-section-full_width elementor-section-height-default elementor-section-height-default\" data-id=\"bdfe249\" data-element_type=\"section\">\n\t\t\t\t\t\t<div class=\"elementor-container elementor-column-gap-no\">\n\t\t\t\t\t<div class=\"elementor-column elementor-col-100 elementor-inner-column elementor-element elementor-element-4ed3b89\" data-id=\"4ed3b89\" data-element_type=\"column\">\n\t\t\t<div class=\"elementor-widget-wrap elementor-element-populated\">\n\t\t\t\t\t\t<div class=\"elementor-element elementor-element-69c9485 elementor-widget elementor-widget-text-editor\" data-id=\"69c9485\" data-element_type=\"widget\" data-widget_type=\"text-editor.default\">\n\t\t\t\t<div class=\"elementor-widget-container\">\n\t\t\t\t\t\t\t\t\t<p>In Zusammenarbeit mit dem Centro <strong>Studi Il\u00e0\u00ae<\/strong> hat das Sprachzentrum Moose das Privileg, als offizieller internationaler Sitz f\u00fcr Il\u00e0\u00ae benannt worden zu sein.<\/p><p>Diese Partnerschaft verleiht uns ein einzigartiges Ansehen in der Region, da wir die einzige akkreditierte Schule in ganz Mittelitalien sind.<\/p><p>Dank dieser Zusammenarbeit garantieren wir hohe Qualit\u00e4tsstandards und bieten den Sch\u00fclern ein anregendes und professionelles Lernumfeld.<\/p><p>\u00a0<\/p>\t\t\t\t\t\t\t\t<\/div>\n\t\t\t\t<\/div>\n\t\t\t\t<div class=\"elementor-element elementor-element-6dfe9bd elementor-widget elementor-widget-edublink-button\" data-id=\"6dfe9bd\" data-element_type=\"widget\" data-widget_type=\"edublink-button.default\">\n\t\t\t\t<div class=\"elementor-widget-container\">\n\t\t\t\t\t<div class=\"edublink-button-widget-wrapper\"><a class=\"edublink-button-item edublink-button-style-two edublink-button-size-custom edublink-button-icon-position-after default-style\" href=\"#contatti\">Informationen anfordern<i class=\"icon-4\"><\/i><\/a><\/div>\t\t\t\t<\/div>\n\t\t\t\t<\/div>\n\t\t\t\t\t<\/div>\n\t\t<\/div>\n\t\t\t\t\t<\/div>\n\t\t<\/section>\n\t\t\t\t\t<\/div>\n\t\t<\/div>\n\t\t\t\t\t<\/div>\n\t\t<\/section>\n\t\t\t\t<section class=\"elementor-section elementor-top-section elementor-element elementor-element-cbb9344 elementor-section-boxed elementor-section-height-default elementor-section-height-default\" data-id=\"cbb9344\" data-element_type=\"section\" data-settings=\"{&quot;background_background&quot;:&quot;classic&quot;}\">\n\t\t\t\t\t\t<div class=\"elementor-container elementor-column-gap-extended\">\n\t\t\t\t\t<div class=\"elementor-column elementor-col-100 elementor-top-column elementor-element elementor-element-82aa0bd\" data-id=\"82aa0bd\" data-element_type=\"column\">\n\t\t\t<div class=\"elementor-widget-wrap elementor-element-populated\">\n\t\t\t\t\t\t<div class=\"elementor-element elementor-element-e132432 elementor-widget elementor-widget-menu-anchor\" data-id=\"e132432\" data-element_type=\"widget\" data-widget_type=\"menu-anchor.default\">\n\t\t\t\t<div class=\"elementor-widget-container\">\n\t\t\t\t\t\t\t<div class=\"elementor-menu-anchor\" id=\"contatti\"><\/div>\n\t\t\t\t\t\t<\/div>\n\t\t\t\t<\/div>\n\t\t\t\t<div class=\"elementor-element elementor-element-f7243e0 edublink-br-m-none elementor-invisible elementor-widget elementor-widget-edublink-heading\" data-id=\"f7243e0\" data-element_type=\"widget\" data-settings=\"{&quot;_animation&quot;:&quot;edublink--slide-up&quot;,&quot;_animation_delay&quot;:150}\" data-widget_type=\"edublink-heading.default\">\n\t\t\t\t<div class=\"elementor-widget-container\">\n\t\t\t\t\t<div class=\"edublink-section-heading\"><span class=\"pre-heading\">JETZT KONTAKTIEREN<\/span><h3 class=\"heading\">Informationen anfordern<\/h3><div class=\"title-shape\"><i class=\"icon-19\"><\/i><\/div><\/div>\t\t\t\t<\/div>\n\t\t\t\t<\/div>\n\t\t\t\t<div class=\"elementor-element elementor-element-9a364b8 elementor-widget elementor-widget-edublink-contact-form-seven\" data-id=\"9a364b8\" data-element_type=\"widget\" data-widget_type=\"edublink-contact-form-seven.default\">\n\t\t\t\t<div class=\"elementor-widget-container\">\n\t\t\t\t\t<div class=\"edublink-contact-form-wrapper\">\n<div class=\"wpcf7 no-js\" id=\"wpcf7-f22864-o1\" lang=\"en-US\" dir=\"ltr\" data-wpcf7-id=\"22864\">\n<div class=\"screen-reader-response\"><p role=\"status\" aria-live=\"polite\" aria-atomic=\"true\"><\/p> <ul><\/ul><\/div>\n<form action=\"\/it_it\/wp-json\/wp\/v2\/pages\/20305#wpcf7-f22864-o1\" method=\"post\" class=\"wpcf7-form init\" aria-label=\"Contact form\" novalidate=\"novalidate\" data-status=\"init\">\n<fieldset class=\"hidden-fields-container\"><input type=\"hidden\" name=\"_wpcf7\" value=\"22864\" \/><input type=\"hidden\" name=\"_wpcf7_version\" value=\"6.1\" \/><input type=\"hidden\" name=\"_wpcf7_locale\" value=\"en_US\" \/><input type=\"hidden\" name=\"_wpcf7_unit_tag\" value=\"wpcf7-f22864-o1\" \/><input type=\"hidden\" name=\"_wpcf7_container_post\" value=\"0\" \/><input type=\"hidden\" name=\"_wpcf7_posted_data_hash\" value=\"\" \/><input type=\"hidden\" name=\"_wpcf7_recaptcha_response\" value=\"\" \/>\n<\/fieldset>\n<div class=\"edublink-contact-form-wrapper eb-contact-me-form\">\n\t<div class=\"edublink-row\">\n\t\t<div class=\"edublink-col-lg-6\">\n\t\t\t<div class=\"edublink-contact-form-single-item mb--20\">\n\t\t\t\t<div class=\"edublink-contact-form-single-item-content\">\n\t\t\t\t\t<p><span class=\"wpcf7-form-control-wrap\" data-name=\"text-245\"><input size=\"40\" maxlength=\"400\" class=\"wpcf7-form-control wpcf7-text wpcf7-validates-as-required edublink-contact-form-field\" aria-required=\"true\" aria-invalid=\"false\" placeholder=\"Name *\" value=\"\" type=\"text\" name=\"text-245\" \/><\/span>\n\t\t\t\t\t<\/p>\n\t\t\t\t<\/div>\n\t\t\t<\/div>\n\t\t<\/div>\n\t\t<div class=\"edublink-col-lg-6\">\n\t\t\t<div class=\"edublink-contact-form-single-item mb--20\">\n\t\t\t\t<div class=\"edublink-contact-form-single-item-content\">\n\t\t\t\t\t<p><span class=\"wpcf7-form-control-wrap\" data-name=\"phonetext-261\"><input size=\"40\" class=\"wpcf7-form-control wpcf7-phonetext wpcf7-validates-as-required wpcf7-text wpcf7-validates-as-phonetext edublink-contact-form-field\" data-numberonly=\"true\" aria-required=\"true\" aria-invalid=\"false\" placeholder=\"Nachname *\" value=\"\" type=\"text\" name=\"phonetext-261\" \/><input type=\"hidden\" name=\"phonetext-261-country-code\" class=\"wpcf7-phonetext-country-code\" \/><\/span>\n\t\t\t\t\t<\/p>\n\t\t\t\t<\/div>\n\t\t\t<\/div>\n\t\t<\/div>\n\t\t<div class=\"edublink-col-lg-6\">\n\t\t\t<div class=\"edublink-contact-form-single-item mb--20\">\n\t\t\t\t<div class=\"edublink-contact-form-single-item-content\">\n\t\t\t\t\t<p><span class=\"wpcf7-form-control-wrap\" data-name=\"email-349\"><input size=\"40\" maxlength=\"400\" class=\"wpcf7-form-control wpcf7-email wpcf7-validates-as-required wpcf7-text wpcf7-validates-as-email edublink-contact-form-field\" aria-required=\"true\" aria-invalid=\"false\" placeholder=\"Email *\" value=\"\" type=\"email\" name=\"email-349\" \/><\/span>\n\t\t\t\t\t<\/p>\n\t\t\t\t<\/div>\n\t\t\t<\/div>\n\t\t<\/div>\n\t\t<div class=\"edublink-col-lg-6\">\n\t\t\t<div class=\"edublink-contact-form-single-item mb--20\">\n\t\t\t\t<div class=\"edublink-contact-form-single-item-content\">\n\t\t\t\t\t<p><span class=\"wpcf7-form-control-wrap\" data-name=\"tel-981\"><input size=\"40\" maxlength=\"400\" class=\"wpcf7-form-control wpcf7-tel wpcf7-validates-as-required wpcf7-text wpcf7-validates-as-tel edublink-contact-form-field\" aria-required=\"true\" aria-invalid=\"false\" placeholder=\"Telefon *\" value=\"\" type=\"tel\" name=\"tel-981\" \/><\/span>\n\t\t\t\t\t<\/p>\n\t\t\t\t<\/div>\n\t\t\t<\/div>\n\t\t<\/div>\n\t<\/div>\n\t<div class=\"edublink-contact-form-single-item\">\n\t\t<div class=\"edublink-contact-form-single-item-content edublink-contact-form-textarea\">\n\t\t\t<p><span class=\"wpcf7-form-control-wrap\" data-name=\"textarea-865\"><textarea cols=\"40\" rows=\"5\" maxlength=\"2000\" class=\"wpcf7-form-control wpcf7-textarea wpcf7-validates-as-required edublink-contact-form-textarea edublink-contact-form-field\" aria-required=\"true\" aria-invalid=\"false\" placeholder=\"Nachricht\" name=\"textarea-865\"><\/textarea><\/span>\n\t\t\t<\/p>\n\t\t<\/div>\n\t<\/div>\n<\/div>\n<p><span class=\"wpcf7-form-control-wrap\" data-name=\"acceptance-437\"><span class=\"wpcf7-form-control wpcf7-acceptance\"><span class=\"wpcf7-list-item\"><label><input type=\"checkbox\" name=\"acceptance-437\" value=\"1\" aria-invalid=\"false\" \/><span class=\"wpcf7-list-item-label\">Ich erkl\u00e4re, die <a href=\"http:\/\/moose.de\/privacy-policy\">Datenschutzinformationen <\/a> gelesen zu haben und stimme der Verarbeitung der angegebenen Daten gem\u00e4\u00df der Datenschutzerkl\u00e4rung zu.<\/span><\/label><\/span><\/span><\/span>\n<\/p>\n<div class=\"edublink-contact-button-container\">\n\t<div class=\"edublink-contact-form-single-item eb-contact-button\">\n\t\t<div class=\"eb-contact-button-wrapper\">\n\t\t\t<p><input class=\"wpcf7-form-control wpcf7-submit has-spinner edublink-button-with-icon\" type=\"submit\" value=\"Senden\" \/>\n\t\t\t<\/p>\n\t\t<\/div>\n\t<\/div>\n<\/div>\n<div class=\"wpcf7-response-output\" aria-hidden=\"true\"><\/div>\n<\/form>\n<\/div>\n<\/div>\t\t\t\t<\/div>\n\t\t\t\t<\/div>\n\t\t\t\t\t<\/div>\n\t\t<\/div>\n\t\t\t\t\t<\/div>\n\t\t<\/section>\n\t\t\t\t<\/div>\n\t\t","protected":false},"excerpt":{"rendered":"<p>Kontakt Wo wir sind: Friedrichstr. 155 10117 Berlin, Berlin GermanyE-mail: kurse@moose.deTelefon DE: +49 15222307947 Telefon CH: +41 79 429 08&#8230;<\/p>\n","protected":false},"author":1,"featured_media":0,"parent":20271,"menu_order":0,"comment_status":"closed","ping_status":"closed","template":"","meta":{"inline_featured_image":false,"footnotes":""},"class_list":["post-20305","page","type-page","status-publish","hentry"],"yoast_head":"<!-- This site is optimized with the Yoast SEO plugin v25.6 - https:\/\/yoast.com\/wordpress\/plugins\/seo\/ -->\n<title>Il\u00e0\u00ae Sprachzertifikat - Sprachzentrum Moose<\/title>\n<meta name=\"robots\" content=\"index, follow, max-snippet:-1, max-image-preview:large, max-video-preview:-1\" \/>\n<link rel=\"canonical\" href=\"https:\/\/moose.de\/it_it\/zertifizierungen\/ila-sprachzertifizierung\/\" \/>\n<meta property=\"og:locale\" content=\"it_IT\" \/>\n<meta property=\"og:type\" content=\"article\" \/>\n<meta property=\"og:title\" content=\"Il\u00e0\u00ae Sprachzertifikat - Sprachzentrum Moose\" \/>\n<meta property=\"og:description\" content=\"Kontakt Wo wir sind: Friedrichstr. 155 10117 Berlin, Berlin GermanyE-mail: kurse@moose.deTelefon DE: +49 15222307947 Telefon CH: +41 79 429 08&#8230;\" \/>\n<meta property=\"og:url\" content=\"https:\/\/moose.de\/it_it\/zertifizierungen\/ila-sprachzertifizierung\/\" \/>\n<meta property=\"og:site_name\" content=\"Sprachzentrum Moose\" \/>\n<meta property=\"article:publisher\" content=\"https:\/\/www.facebook.com\/centrolinguisticomoose\" \/>\n<meta property=\"article:modified_time\" content=\"2025-09-04T08:10:27+00:00\" \/>\n<meta property=\"og:image\" content=\"https:\/\/moose.de\/wp-content\/uploads\/2024\/05\/certificazione_ila.png\" \/>\n\t<meta property=\"og:image:width\" content=\"730\" \/>\n\t<meta property=\"og:image:height\" content=\"730\" \/>\n\t<meta property=\"og:image:type\" content=\"image\/png\" \/>\n<meta name=\"twitter:card\" content=\"summary_large_image\" \/>\n<meta name=\"twitter:label1\" content=\"Tempo di lettura stimato\" \/>\n\t<meta name=\"twitter:data1\" content=\"1 minuto\" \/>\n<script type=\"application\/ld+json\" class=\"yoast-schema-graph\">{\"@context\":\"https:\/\/schema.org\",\"@graph\":[{\"@type\":\"WebPage\",\"@id\":\"https:\/\/moose.de\/zertifizierungen\/ila-sprachzertifizierung\/\",\"url\":\"https:\/\/moose.de\/zertifizierungen\/ila-sprachzertifizierung\/\",\"name\":\"Il\u00e0\u00ae Sprachzertifikat - Sprachzentrum Moose\",\"isPartOf\":{\"@id\":\"https:\/\/moose.de\/#website\"},\"primaryImageOfPage\":{\"@id\":\"https:\/\/moose.de\/zertifizierungen\/ila-sprachzertifizierung\/#primaryimage\"},\"image\":{\"@id\":\"https:\/\/moose.de\/zertifizierungen\/ila-sprachzertifizierung\/#primaryimage\"},\"thumbnailUrl\":\"https:\/\/moose.de\/wp-content\/uploads\/2024\/05\/certificazione_ila-300x300.png\",\"datePublished\":\"2024-05-09T07:19:59+00:00\",\"dateModified\":\"2025-09-04T08:10:27+00:00\",\"breadcrumb\":{\"@id\":\"https:\/\/moose.de\/zertifizierungen\/ila-sprachzertifizierung\/#breadcrumb\"},\"inLanguage\":\"it-IT\",\"potentialAction\":[{\"@type\":\"ReadAction\",\"target\":[\"https:\/\/moose.de\/zertifizierungen\/ila-sprachzertifizierung\/\"]}]},{\"@type\":\"ImageObject\",\"inLanguage\":\"it-IT\",\"@id\":\"https:\/\/moose.de\/zertifizierungen\/ila-sprachzertifizierung\/#primaryimage\",\"url\":\"https:\/\/moose.de\/wp-content\/uploads\/2024\/05\/certificazione_ila-300x300.png\",\"contentUrl\":\"https:\/\/moose.de\/wp-content\/uploads\/2024\/05\/certificazione_ila-300x300.png\"},{\"@type\":\"BreadcrumbList\",\"@id\":\"https:\/\/moose.de\/zertifizierungen\/ila-sprachzertifizierung\/#breadcrumb\",\"itemListElement\":[{\"@type\":\"ListItem\",\"position\":1,\"name\":\"Home\",\"item\":\"https:\/\/moose.de\/\"},{\"@type\":\"ListItem\",\"position\":2,\"name\":\"Sprachzertifikate\",\"item\":\"https:\/\/moose.de\/zertifizierungen\/\"},{\"@type\":\"ListItem\",\"position\":3,\"name\":\"Il\u00e0\u00ae Sprachzertifikat\"}]},{\"@type\":\"WebSite\",\"@id\":\"https:\/\/moose.de\/#website\",\"url\":\"https:\/\/moose.de\/\",\"name\":\"Centro Linguistico Moose\",\"description\":\"Sprachzentrum in Berlin\",\"publisher\":{\"@id\":\"https:\/\/moose.de\/#organization\"},\"alternateName\":\"Moose\",\"potentialAction\":[{\"@type\":\"SearchAction\",\"target\":{\"@type\":\"EntryPoint\",\"urlTemplate\":\"https:\/\/moose.de\/?s={search_term_string}\"},\"query-input\":{\"@type\":\"PropertyValueSpecification\",\"valueRequired\":true,\"valueName\":\"search_term_string\"}}],\"inLanguage\":\"it-IT\"},{\"@type\":\"Organization\",\"@id\":\"https:\/\/moose.de\/#organization\",\"name\":\"Centro Linguistico Moose\",\"url\":\"https:\/\/moose.de\/\",\"logo\":{\"@type\":\"ImageObject\",\"inLanguage\":\"it-IT\",\"@id\":\"https:\/\/moose.de\/#\/schema\/logo\/image\/\",\"url\":\"https:\/\/moose.de\/wp-content\/uploads\/2024\/04\/MooseCentroLinguistico-e1714147189790.png\",\"contentUrl\":\"https:\/\/moose.de\/wp-content\/uploads\/2024\/04\/MooseCentroLinguistico-e1714147189790.png\",\"width\":691,\"height\":271,\"caption\":\"Centro Linguistico Moose\"},\"image\":{\"@id\":\"https:\/\/moose.de\/#\/schema\/logo\/image\/\"},\"sameAs\":[\"https:\/\/www.facebook.com\/centrolinguisticomoose\"]}]}<\/script>\n<!-- \/ Yoast SEO plugin. -->","yoast_head_json":{"title":"Il\u00e0\u00ae Sprachzertifikat - Sprachzentrum Moose","robots":{"index":"index","follow":"follow","max-snippet":"max-snippet:-1","max-image-preview":"max-image-preview:large","max-video-preview":"max-video-preview:-1"},"canonical":"https:\/\/moose.de\/it_it\/zertifizierungen\/ila-sprachzertifizierung\/","og_locale":"it_IT","og_type":"article","og_title":"Il\u00e0\u00ae Sprachzertifikat - Sprachzentrum Moose","og_description":"Kontakt Wo wir sind: Friedrichstr. 155 10117 Berlin, Berlin GermanyE-mail: kurse@moose.deTelefon DE: +49 15222307947 Telefon CH: +41 79 429 08&#8230;","og_url":"https:\/\/moose.de\/it_it\/zertifizierungen\/ila-sprachzertifizierung\/","og_site_name":"Sprachzentrum Moose","article_publisher":"https:\/\/www.facebook.com\/centrolinguisticomoose","article_modified_time":"2025-09-04T08:10:27+00:00","og_image":[{"width":730,"height":730,"url":"https:\/\/moose.de\/wp-content\/uploads\/2024\/05\/certificazione_ila.png","type":"image\/png"}],"twitter_card":"summary_large_image","twitter_misc":{"Tempo di lettura stimato":"1 minuto"},"schema":{"@context":"https:\/\/schema.org","@graph":[{"@type":"WebPage","@id":"https:\/\/moose.de\/zertifizierungen\/ila-sprachzertifizierung\/","url":"https:\/\/moose.de\/zertifizierungen\/ila-sprachzertifizierung\/","name":"Il\u00e0\u00ae Sprachzertifikat - Sprachzentrum Moose","isPartOf":{"@id":"https:\/\/moose.de\/#website"},"primaryImageOfPage":{"@id":"https:\/\/moose.de\/zertifizierungen\/ila-sprachzertifizierung\/#primaryimage"},"image":{"@id":"https:\/\/moose.de\/zertifizierungen\/ila-sprachzertifizierung\/#primaryimage"},"thumbnailUrl":"https:\/\/moose.de\/wp-content\/uploads\/2024\/05\/certificazione_ila-300x300.png","datePublished":"2024-05-09T07:19:59+00:00","dateModified":"2025-09-04T08:10:27+00:00","breadcrumb":{"@id":"https:\/\/moose.de\/zertifizierungen\/ila-sprachzertifizierung\/#breadcrumb"},"inLanguage":"it-IT","potentialAction":[{"@type":"ReadAction","target":["https:\/\/moose.de\/zertifizierungen\/ila-sprachzertifizierung\/"]}]},{"@type":"ImageObject","inLanguage":"it-IT","@id":"https:\/\/moose.de\/zertifizierungen\/ila-sprachzertifizierung\/#primaryimage","url":"https:\/\/moose.de\/wp-content\/uploads\/2024\/05\/certificazione_ila-300x300.png","contentUrl":"https:\/\/moose.de\/wp-content\/uploads\/2024\/05\/certificazione_ila-300x300.png"},{"@type":"BreadcrumbList","@id":"https:\/\/moose.de\/zertifizierungen\/ila-sprachzertifizierung\/#breadcrumb","itemListElement":[{"@type":"ListItem","position":1,"name":"Home","item":"https:\/\/moose.de\/"},{"@type":"ListItem","position":2,"name":"Sprachzertifikate","item":"https:\/\/moose.de\/zertifizierungen\/"},{"@type":"ListItem","position":3,"name":"Il\u00e0\u00ae Sprachzertifikat"}]},{"@type":"WebSite","@id":"https:\/\/moose.de\/#website","url":"https:\/\/moose.de\/","name":"Centro Linguistico Moose","description":"Sprachzentrum in Berlin","publisher":{"@id":"https:\/\/moose.de\/#organization"},"alternateName":"Moose","potentialAction":[{"@type":"SearchAction","target":{"@type":"EntryPoint","urlTemplate":"https:\/\/moose.de\/?s={search_term_string}"},"query-input":{"@type":"PropertyValueSpecification","valueRequired":true,"valueName":"search_term_string"}}],"inLanguage":"it-IT"},{"@type":"Organization","@id":"https:\/\/moose.de\/#organization","name":"Centro Linguistico Moose","url":"https:\/\/moose.de\/","logo":{"@type":"ImageObject","inLanguage":"it-IT","@id":"https:\/\/moose.de\/#\/schema\/logo\/image\/","url":"https:\/\/moose.de\/wp-content\/uploads\/2024\/04\/MooseCentroLinguistico-e1714147189790.png","contentUrl":"https:\/\/moose.de\/wp-content\/uploads\/2024\/04\/MooseCentroLinguistico-e1714147189790.png","width":691,"height":271,"caption":"Centro Linguistico Moose"},"image":{"@id":"https:\/\/moose.de\/#\/schema\/logo\/image\/"},"sameAs":["https:\/\/www.facebook.com\/centrolinguisticomoose"]}]}},"_links":{"self":[{"href":"https:\/\/moose.de\/it_it\/wp-json\/wp\/v2\/pages\/20305","targetHints":{"allow":["GET"]}}],"collection":[{"href":"https:\/\/moose.de\/it_it\/wp-json\/wp\/v2\/pages"}],"about":[{"href":"https:\/\/moose.de\/it_it\/wp-json\/wp\/v2\/types\/page"}],"author":[{"embeddable":true,"href":"https:\/\/moose.de\/it_it\/wp-json\/wp\/v2\/users\/1"}],"replies":[{"embeddable":true,"href":"https:\/\/moose.de\/it_it\/wp-json\/wp\/v2\/comments?post=20305"}],"version-history":[{"count":36,"href":"https:\/\/moose.de\/it_it\/wp-json\/wp\/v2\/pages\/20305\/revisions"}],"predecessor-version":[{"id":27232,"href":"https:\/\/moose.de\/it_it\/wp-json\/wp\/v2\/pages\/20305\/revisions\/27232"}],"up":[{"embeddable":true,"href":"https:\/\/moose.de\/it_it\/wp-json\/wp\/v2\/pages\/20271"}],"wp:attachment":[{"href":"https:\/\/moose.de\/it_it\/wp-json\/wp\/v2\/media?parent=20305"}],"curies":[{"name":"wp","href":"https:\/\/api.w.org\/{rel}","templated":true}]}}