{"id":14923,"date":"2023-11-12T14:48:16","date_gmt":"2023-11-12T14:48:16","guid":{"rendered":"https:\/\/demo.edublink.co\/?page_id=14923"},"modified":"2025-08-27T14:19:10","modified_gmt":"2025-08-27T14:19:10","slug":"unsere-kurse","status":"publish","type":"page","link":"https:\/\/moose.de\/it_it\/unsere-kurse\/","title":{"rendered":"Unsere Kurse"},"content":{"rendered":"\t\t<div data-elementor-type=\"wp-page\" data-elementor-id=\"14923\" class=\"elementor elementor-14923\">\n\t\t\t\t<div class=\"elementor-element elementor-element-c5e6b30 e-flex e-con-boxed e-con e-parent\" data-id=\"c5e6b30\" data-element_type=\"container\" data-settings=\"{&quot;background_background&quot;:&quot;classic&quot;}\">\n\t\t\t\t\t<div class=\"e-con-inner\">\n\t\t\t\t<div class=\"elementor-element elementor-element-5853fe3 edublink-br-m-none elementor-invisible elementor-widget elementor-widget-edublink-heading\" data-id=\"5853fe3\" data-element_type=\"widget\" data-settings=\"{&quot;_animation&quot;:&quot;edublink--slide-up&quot;,&quot;_animation_delay&quot;:150}\" data-widget_type=\"edublink-heading.default\">\n\t\t\t\t<div class=\"elementor-widget-container\">\n\t\t\t\t\t<div class=\"edublink-section-heading\"><span class=\"pre-heading\">AUSBILDUNGSANGEBOT<\/span><h3 class=\"heading\">Unsere Sprachkurse<\/h3><div class=\"title-shape\"><i class=\"icon-19\"><\/i><\/div><\/div>\t\t\t\t<\/div>\n\t\t\t\t<\/div>\n\t\t\t\t<div class=\"elementor-element elementor-element-eaecb04 elementor-invisible elementor-widget elementor-widget-edublink-lp-course-category\" data-id=\"eaecb04\" data-element_type=\"widget\" data-settings=\"{&quot;_animation&quot;:&quot;edublink--slide-up&quot;,&quot;_animation_delay&quot;:250}\" data-widget_type=\"edublink-lp-course-category.default\">\n\t\t\t\t<div class=\"elementor-widget-container\">\n\t\t\t\t\t<div class=\"eb-course-cat-wrapper\"><div class=\"eb-course-cat-container-grid eb-course-cat-grid edublink-row\"><div class=\"edublink-col-lg-3 edublink-col-md-6 edublink-col-sm-6 edublink-course-single-cat edublink-course-cat-single-grid elementor-repeater-item-d5abe16\" data-sal=\"\"><div class=\"edublink-category-5\"><div class=\"inner\"><div class=\"thumbnail\"><a href=\"https:\/\/moose.de\/unsere-sprachkurse\/englischkurs\/\"><img decoding=\"async\" src=\"https:\/\/moose.de\/wp-content\/uploads\/2024\/05\/Corso-Inglese.jpg\" alt=\"Corso Inglese\"><\/a><div class=\"flag-wrap\"><a class=\"flag-content\" href=\"https:\/\/moose.de\/unsere-sprachkurse\/englischkurs\/\"><img decoding=\"async\" src=\"https:\/\/moose.de\/wp-content\/uploads\/2023\/07\/flag-1.jpg\" alt=\"flag-1\"><\/a><\/div><\/div><div class=\"content\"><h6 class=\"title\"><a href=\"https:\/\/moose.de\/unsere-sprachkurse\/englischkurs\/\">Englischkurs<\/a><\/h6><\/div><\/div><\/div><\/div><div class=\"edublink-col-lg-3 edublink-col-md-6 edublink-col-sm-6 edublink-course-single-cat edublink-course-cat-single-grid elementor-repeater-item-9bb37cb\" data-sal=\"\"><div class=\"edublink-category-5\"><div class=\"inner\"><div class=\"thumbnail\"><a href=\"https:\/\/moose.de\/unsere-sprachkurse\/franzosischkurs\/\"><img decoding=\"async\" src=\"https:\/\/moose.de\/wp-content\/uploads\/2024\/05\/corso-francese.jpg\" alt=\"corso francese\"><\/a><div class=\"flag-wrap\"><a class=\"flag-content\" href=\"https:\/\/moose.de\/unsere-sprachkurse\/franzosischkurs\/\"><img decoding=\"async\" src=\"https:\/\/moose.de\/wp-content\/uploads\/2023\/07\/flag-5.jpg\" alt=\"flag-5\"><\/a><\/div><\/div><div class=\"content\"><h6 class=\"title\"><a href=\"https:\/\/moose.de\/unsere-sprachkurse\/franzosischkurs\/\">Franz\u00f6sischkurs<\/a><\/h6><\/div><\/div><\/div><\/div><div class=\"edublink-col-lg-3 edublink-col-md-6 edublink-col-sm-6 edublink-course-single-cat edublink-course-cat-single-grid elementor-repeater-item-1fe5418\" data-sal=\"\"><div class=\"edublink-category-5\"><div class=\"inner\"><div class=\"thumbnail\"><a href=\"https:\/\/moose.de\/unsere-sprachkurse\/deutschkurs\/\"><img decoding=\"async\" src=\"https:\/\/moose.de\/wp-content\/uploads\/2024\/05\/corso-tedesco.jpg\" alt=\"corso tedesco\"><\/a><div class=\"flag-wrap\"><a class=\"flag-content\" href=\"https:\/\/moose.de\/unsere-sprachkurse\/deutschkurs\/\"><img decoding=\"async\" src=\"https:\/\/moose.de\/wp-content\/uploads\/2023\/07\/flag-3.jpg\" alt=\"flag-3\"><\/a><\/div><\/div><div class=\"content\"><h6 class=\"title\"><a href=\"https:\/\/moose.de\/unsere-sprachkurse\/deutschkurs\/\">Deutschkurs<\/a><\/h6><\/div><\/div><\/div><\/div><div class=\"edublink-col-lg-3 edublink-col-md-6 edublink-col-sm-6 edublink-course-single-cat edublink-course-cat-single-grid elementor-repeater-item-46e2411\" data-sal=\"\"><div class=\"edublink-category-5\"><div class=\"inner\"><div class=\"thumbnail\"><a href=\"https:\/\/moose.de\/unsere-sprachkurse\/spanischkurs\/\"><img decoding=\"async\" src=\"https:\/\/moose.de\/wp-content\/uploads\/2024\/05\/corso-spagnolo.jpg\" alt=\"corso spagnolo\"><\/a><div class=\"flag-wrap\"><a class=\"flag-content\" href=\"https:\/\/moose.de\/unsere-sprachkurse\/spanischkurs\/\"><img decoding=\"async\" src=\"https:\/\/moose.de\/wp-content\/uploads\/2023\/07\/flag-2.jpg\" alt=\"flag-2\"><\/a><\/div><\/div><div class=\"content\"><h6 class=\"title\"><a href=\"https:\/\/moose.de\/unsere-sprachkurse\/spanischkurs\/\">Spanischkurs<\/a><\/h6><\/div><\/div><\/div><\/div><div class=\"edublink-col-lg-3 edublink-col-md-6 edublink-col-sm-6 edublink-course-single-cat edublink-course-cat-single-grid elementor-repeater-item-76ecd23\" data-sal=\"\"><div class=\"edublink-category-5\"><div class=\"inner\"><div class=\"thumbnail\"><a href=\"https:\/\/moose.de\/unsere-sprachkurse\/arabischkurs\/\"><img decoding=\"async\" src=\"https:\/\/moose.de\/wp-content\/uploads\/2024\/05\/Corso_Arabo_Moose.jpg\" alt=\"Corso_Arabo_Moose\"><\/a><div class=\"flag-wrap\"><a class=\"flag-content\" href=\"https:\/\/moose.de\/unsere-sprachkurse\/arabischkurs\/\"><img decoding=\"async\" src=\"https:\/\/moose.de\/wp-content\/uploads\/2024\/05\/Nuovo-progetto-1.png\" alt=\"Nuovo progetto (1)\"><\/a><\/div><\/div><div class=\"content\"><h6 class=\"title\"><a href=\"https:\/\/moose.de\/unsere-sprachkurse\/arabischkurs\/\">Arabischkurs<\/a><\/h6><\/div><\/div><\/div><\/div><div class=\"edublink-col-lg-3 edublink-col-md-6 edublink-col-sm-6 edublink-course-single-cat edublink-course-cat-single-grid elementor-repeater-item-b321a18\" data-sal=\"\"><div class=\"edublink-category-5\"><div class=\"inner\"><div class=\"thumbnail\"><a href=\"https:\/\/moose.de\/unsere-sprachkurse\/italienischkurs\/\"><img decoding=\"async\" src=\"https:\/\/moose.de\/wp-content\/uploads\/2024\/05\/corso-italiano.jpg\" alt=\"corso italiano\"><\/a><div class=\"flag-wrap\"><a class=\"flag-content\" href=\"https:\/\/moose.de\/unsere-sprachkurse\/italienischkurs\/\"><img decoding=\"async\" src=\"https:\/\/moose.de\/wp-content\/uploads\/2024\/05\/italia.jpg\" alt=\"italia\"><\/a><\/div><\/div><div class=\"content\"><h6 class=\"title\"><a href=\"https:\/\/moose.de\/unsere-sprachkurse\/italienischkurs\/\">Italienischkurs<\/a><\/h6><\/div><\/div><\/div><\/div><div class=\"edublink-col-lg-3 edublink-col-md-6 edublink-col-sm-6 edublink-course-single-cat edublink-course-cat-single-grid elementor-repeater-item-88ca6b0\" data-sal=\"\"><div class=\"edublink-category-5\"><div class=\"inner\"><div class=\"thumbnail\"><a href=\"https:\/\/moose.de\/unsere-sprachkurse\/chinesischkurs\/\"><img decoding=\"async\" src=\"https:\/\/moose.de\/wp-content\/uploads\/2024\/05\/corso-cinese.jpg\" alt=\"corso cinese\"><\/a><div class=\"flag-wrap\"><a class=\"flag-content\" href=\"https:\/\/moose.de\/unsere-sprachkurse\/chinesischkurs\/\"><img decoding=\"async\" src=\"https:\/\/moose.de\/wp-content\/uploads\/2024\/05\/Cinese.jpg\" alt=\"Cinese\"><\/a><\/div><\/div><div class=\"content\"><h6 class=\"title\"><a href=\"https:\/\/moose.de\/unsere-sprachkurse\/chinesischkurs\/\">Chinesischkurs<\/a><\/h6><\/div><\/div><\/div><\/div><div class=\"edublink-col-lg-3 edublink-col-md-6 edublink-col-sm-6 edublink-course-single-cat edublink-course-cat-single-grid elementor-repeater-item-8b60f80\" data-sal=\"\"><div class=\"edublink-category-5\"><div class=\"inner\"><div class=\"thumbnail\"><a href=\"https:\/\/moose.de\/unsere-sprachkurse\/russischkurs\/\"><img decoding=\"async\" src=\"https:\/\/moose.de\/wp-content\/uploads\/2024\/05\/corso-russo.jpg\" alt=\"corso russo\"><\/a><div class=\"flag-wrap\"><a class=\"flag-content\" href=\"https:\/\/moose.de\/unsere-sprachkurse\/russischkurs\/\"><img decoding=\"async\" src=\"https:\/\/moose.de\/wp-content\/uploads\/2024\/05\/Russia.jpg\" alt=\"Russia\"><\/a><\/div><\/div><div class=\"content\"><h6 class=\"title\"><a href=\"https:\/\/moose.de\/unsere-sprachkurse\/russischkurs\/\">Russischkurs<\/a><\/h6><\/div><\/div><\/div><\/div><div class=\"edublink-col-lg-3 edublink-col-md-6 edublink-col-sm-6 edublink-course-single-cat edublink-course-cat-single-grid elementor-repeater-item-754fa54\" data-sal=\"\"><div class=\"edublink-category-5\"><div class=\"inner\"><div class=\"thumbnail\"><a href=\"https:\/\/moose.de\/unsere-sprachkurse\/japanischkurs\/\"><img decoding=\"async\" src=\"https:\/\/moose.de\/wp-content\/uploads\/2024\/05\/corso-giapponese.jpg\" alt=\"corso giapponese\"><\/a><div class=\"flag-wrap\"><a class=\"flag-content\" href=\"https:\/\/moose.de\/unsere-sprachkurse\/japanischkurs\/\"><img decoding=\"async\" src=\"https:\/\/moose.de\/wp-content\/uploads\/2023\/07\/flag-6.jpg\" alt=\"flag-6\"><\/a><\/div><\/div><div class=\"content\"><h6 class=\"title\"><a href=\"https:\/\/moose.de\/unsere-sprachkurse\/japanischkurs\/\">Japanischkurs<\/a><\/h6><\/div><\/div><\/div><\/div><div class=\"edublink-col-lg-3 edublink-col-md-6 edublink-col-sm-6 edublink-course-single-cat edublink-course-cat-single-grid elementor-repeater-item-941c23f\" data-sal=\"\"><div class=\"edublink-category-5\"><div class=\"inner\"><div class=\"thumbnail\"><a href=\"https:\/\/moose.de\/unsere-sprachkurse\/koreanischkurs\/\"><img decoding=\"async\" src=\"https:\/\/moose.de\/wp-content\/uploads\/2024\/05\/corso-coreano.jpg\" alt=\"corso coreano\"><\/a><div class=\"flag-wrap\"><a class=\"flag-content\" href=\"https:\/\/moose.de\/unsere-sprachkurse\/koreanischkurs\/\"><img decoding=\"async\" src=\"https:\/\/moose.de\/wp-content\/uploads\/2023\/07\/flag-4.jpg\" alt=\"flag-4\"><\/a><\/div><\/div><div class=\"content\"><h6 class=\"title\"><a href=\"https:\/\/moose.de\/unsere-sprachkurse\/koreanischkurs\/\">Koreanischkurs<\/a><\/h6><\/div><\/div><\/div><\/div><div class=\"edublink-col-lg-3 edublink-col-md-6 edublink-col-sm-6 edublink-course-single-cat edublink-course-cat-single-grid elementor-repeater-item-e405519\" data-sal=\"\"><div class=\"edublink-category-5\"><div class=\"inner\"><div class=\"thumbnail\"><a href=\"https:\/\/moose.de\/unsere-sprachkurse\/portugiesischkurs\/\"><img decoding=\"async\" src=\"https:\/\/moose.de\/wp-content\/uploads\/2024\/05\/corso-portoghese.jpg\" alt=\"corso portoghese\"><\/a><div class=\"flag-wrap\"><a class=\"flag-content\" href=\"https:\/\/moose.de\/unsere-sprachkurse\/portugiesischkurs\/\"><img decoding=\"async\" src=\"https:\/\/moose.de\/wp-content\/uploads\/2024\/05\/Portogallo.jpg\" alt=\"Portogallo\"><\/a><\/div><\/div><div class=\"content\"><h6 class=\"title\"><a href=\"https:\/\/moose.de\/unsere-sprachkurse\/portugiesischkurs\/\">Portugiesischkurs<\/a><\/h6><\/div><\/div><\/div><\/div><div class=\"edublink-col-lg-3 edublink-col-md-6 edublink-col-sm-6 edublink-course-single-cat edublink-course-cat-single-grid elementor-repeater-item-82ba733\" data-sal=\"\"><div class=\"edublink-category-5\"><div class=\"inner\"><div class=\"thumbnail\"><a href=\"https:\/\/moose.de\/unsere-sprachkurse\/hebraischkurs\/\"><img decoding=\"async\" src=\"https:\/\/moose.de\/wp-content\/uploads\/2024\/05\/Corso_Ebraico_Moose.jpg\" alt=\"Corso_Ebraico_Moose\"><\/a><div class=\"flag-wrap\"><a class=\"flag-content\" href=\"https:\/\/moose.de\/unsere-sprachkurse\/hebraischkurs\/\"><img decoding=\"async\" src=\"https:\/\/moose.de\/wp-content\/uploads\/2024\/05\/israele.jpg\" alt=\"israele\"><\/a><\/div><\/div><div class=\"content\"><h6 class=\"title\"><a href=\"https:\/\/moose.de\/unsere-sprachkurse\/hebraischkurs\/\">Hebr\u00e4ischkurs<\/a><\/h6><\/div><\/div><\/div><\/div><div class=\"edublink-col-lg-3 edublink-col-md-6 edublink-col-sm-6 edublink-course-single-cat edublink-course-cat-single-grid elementor-repeater-item-4206adf\" data-sal=\"\"><div class=\"edublink-category-5\"><div class=\"inner\"><div class=\"thumbnail\"><a href=\"https:\/\/moose.de\/unsere-sprachkurse\/turkischkurs\/\"><img decoding=\"async\" src=\"https:\/\/moose.de\/wp-content\/uploads\/2024\/05\/corso-turco-1.jpg\" alt=\"corso turco (1)\"><\/a><div class=\"flag-wrap\"><a class=\"flag-content\" href=\"https:\/\/moose.de\/unsere-sprachkurse\/turkischkurs\/\"><img decoding=\"async\" src=\"https:\/\/moose.de\/wp-content\/uploads\/2024\/05\/Nuovo-progetto.png\" alt=\"Nuovo progetto\"><\/a><\/div><\/div><div class=\"content\"><h6 class=\"title\"><a href=\"https:\/\/moose.de\/unsere-sprachkurse\/turkischkurs\/\">T\u00fcrkischkurs<\/a><\/h6><\/div><\/div><\/div><\/div><div class=\"edublink-col-lg-3 edublink-col-md-6 edublink-col-sm-6 edublink-course-single-cat edublink-course-cat-single-grid elementor-repeater-item-f13bb2d\" data-sal=\"\"><div class=\"edublink-category-5\"><div class=\"inner\"><div class=\"thumbnail\"><a href=\"https:\/\/moose.de\/unsere-sprachkurse\/polnischkurs\/\"><img decoding=\"async\" src=\"https:\/\/moose.de\/wp-content\/uploads\/2024\/05\/corso-polacco.jpg\" alt=\"corso-polacco\"><\/a><div class=\"flag-wrap\"><a class=\"flag-content\" href=\"https:\/\/moose.de\/unsere-sprachkurse\/polnischkurs\/\"><img decoding=\"async\" src=\"https:\/\/moose.de\/wp-content\/uploads\/2024\/05\/polonia.jpg\" alt=\"polonia\"><\/a><\/div><\/div><div class=\"content\"><h6 class=\"title\"><a href=\"https:\/\/moose.de\/unsere-sprachkurse\/polnischkurs\/\">Polnischkurs<\/a><\/h6><\/div><\/div><\/div><\/div><div class=\"edublink-col-lg-3 edublink-col-md-6 edublink-col-sm-6 edublink-course-single-cat edublink-course-cat-single-grid elementor-repeater-item-b1033d0\" data-sal=\"\"><div class=\"edublink-category-5\"><div class=\"inner\"><div class=\"thumbnail\"><a href=\"https:\/\/moose.de\/unsere-sprachkurse\/vietnamesischkurs\/\"><img decoding=\"async\" src=\"https:\/\/moose.de\/wp-content\/uploads\/2024\/05\/corso-vietnam-1.jpg\" alt=\"corso-vietnam\"><\/a><div class=\"flag-wrap\"><a class=\"flag-content\" href=\"https:\/\/moose.de\/unsere-sprachkurse\/vietnamesischkurs\/\"><img decoding=\"async\" src=\"https:\/\/moose.de\/wp-content\/uploads\/2024\/05\/Vietnam_flag.png\" alt=\"Vietnam_flag\"><\/a><\/div><\/div><div class=\"content\"><h6 class=\"title\"><a href=\"https:\/\/moose.de\/unsere-sprachkurse\/vietnamesischkurs\/\">Vietnamesischkurs<\/a><\/h6><\/div><\/div><\/div><\/div><div class=\"edublink-col-lg-3 edublink-col-md-6 edublink-col-sm-6 edublink-course-single-cat edublink-course-cat-single-grid elementor-repeater-item-92df56c\" data-sal=\"\"><div class=\"edublink-category-5\"><div class=\"inner\"><div class=\"thumbnail\"><a href=\"https:\/\/moose.de\/unsere-sprachkurse\/rumanischkurs\/\"><img decoding=\"async\" src=\"https:\/\/moose.de\/wp-content\/uploads\/2024\/05\/corso-romeno.jpg\" alt=\"corso romeno\"><\/a><div class=\"flag-wrap\"><a class=\"flag-content\" href=\"https:\/\/moose.de\/unsere-sprachkurse\/rumanischkurs\/\"><img decoding=\"async\" src=\"https:\/\/moose.de\/wp-content\/uploads\/2024\/05\/Romania_flag.png\" alt=\"Romania_flag\"><\/a><\/div><\/div><div class=\"content\"><h6 class=\"title\"><a href=\"https:\/\/moose.de\/unsere-sprachkurse\/rumanischkurs\/\">Rum\u00e4nischkurs<\/a><\/h6><\/div><\/div><\/div><\/div><\/div><\/div>\t\t\t\t<\/div>\n\t\t\t\t<\/div>\n\t\t\t\t\t<\/div>\n\t\t\t\t<\/div>\n\t\t\t\t<\/div>\n\t\t","protected":false},"excerpt":{"rendered":"<p>AUSBILDUNGSANGEBOT Unsere Sprachkurse Englischkurs Franz\u00f6sischkurs Deutschkurs Spanischkurs Arabischkurs Italienischkurs Chinesischkurs Russischkurs Japanischkurs Koreanischkurs Portugiesischkurs Hebr\u00e4ischkurs T\u00fcrkischkurs Polnischkurs Vietnamesischkurs Rum\u00e4nischkurs<\/p>\n","protected":false},"author":1,"featured_media":0,"parent":0,"menu_order":0,"comment_status":"closed","ping_status":"closed","template":"","meta":{"inline_featured_image":false,"footnotes":""},"class_list":["post-14923","page","type-page","status-publish","hentry"],"yoast_head":"<!-- This site is optimized with the Yoast SEO plugin v25.6 - https:\/\/yoast.com\/wordpress\/plugins\/seo\/ -->\n<title>Unsere Kurse - Sprachzentrum Moose<\/title>\n<meta name=\"robots\" content=\"index, follow, max-snippet:-1, max-image-preview:large, max-video-preview:-1\" \/>\n<link rel=\"canonical\" href=\"https:\/\/moose.de\/it_it\/unsere-kurse\/\" \/>\n<meta property=\"og:locale\" content=\"it_IT\" \/>\n<meta property=\"og:type\" content=\"article\" \/>\n<meta property=\"og:title\" content=\"Unsere Kurse - Sprachzentrum Moose\" \/>\n<meta property=\"og:description\" content=\"AUSBILDUNGSANGEBOT Unsere Sprachkurse Englischkurs Franz\u00f6sischkurs Deutschkurs Spanischkurs Arabischkurs Italienischkurs Chinesischkurs Russischkurs Japanischkurs Koreanischkurs Portugiesischkurs Hebr\u00e4ischkurs T\u00fcrkischkurs Polnischkurs Vietnamesischkurs Rum\u00e4nischkurs\" \/>\n<meta property=\"og:url\" content=\"https:\/\/moose.de\/it_it\/unsere-kurse\/\" \/>\n<meta property=\"og:site_name\" content=\"Sprachzentrum Moose\" \/>\n<meta property=\"article:publisher\" content=\"https:\/\/www.facebook.com\/centrolinguisticomoose\" \/>\n<meta property=\"article:modified_time\" content=\"2025-08-27T14:19:10+00:00\" \/>\n<meta property=\"og:image\" content=\"https:\/\/moose.de\/wp-content\/uploads\/2024\/05\/Corso-Inglese.jpg\" \/>\n<meta name=\"twitter:card\" content=\"summary_large_image\" \/>\n<meta name=\"twitter:label1\" content=\"Tempo di lettura stimato\" \/>\n\t<meta name=\"twitter:data1\" content=\"7 minuti\" \/>\n<script type=\"application\/ld+json\" class=\"yoast-schema-graph\">{\"@context\":\"https:\/\/schema.org\",\"@graph\":[{\"@type\":\"WebPage\",\"@id\":\"https:\/\/moose.de\/unsere-kurse\/\",\"url\":\"https:\/\/moose.de\/unsere-kurse\/\",\"name\":\"Unsere Kurse - Sprachzentrum Moose\",\"isPartOf\":{\"@id\":\"https:\/\/moose.de\/#website\"},\"primaryImageOfPage\":{\"@id\":\"https:\/\/moose.de\/unsere-kurse\/#primaryimage\"},\"image\":{\"@id\":\"https:\/\/moose.de\/unsere-kurse\/#primaryimage\"},\"thumbnailUrl\":\"https:\/\/moose.de\/wp-content\/uploads\/2024\/05\/Corso-Inglese.jpg\",\"datePublished\":\"2023-11-12T14:48:16+00:00\",\"dateModified\":\"2025-08-27T14:19:10+00:00\",\"breadcrumb\":{\"@id\":\"https:\/\/moose.de\/unsere-kurse\/#breadcrumb\"},\"inLanguage\":\"it-IT\",\"potentialAction\":[{\"@type\":\"ReadAction\",\"target\":[\"https:\/\/moose.de\/unsere-kurse\/\"]}]},{\"@type\":\"ImageObject\",\"inLanguage\":\"it-IT\",\"@id\":\"https:\/\/moose.de\/unsere-kurse\/#primaryimage\",\"url\":\"https:\/\/moose.de\/wp-content\/uploads\/2024\/05\/Corso-Inglese.jpg\",\"contentUrl\":\"https:\/\/moose.de\/wp-content\/uploads\/2024\/05\/Corso-Inglese.jpg\"},{\"@type\":\"BreadcrumbList\",\"@id\":\"https:\/\/moose.de\/unsere-kurse\/#breadcrumb\",\"itemListElement\":[{\"@type\":\"ListItem\",\"position\":1,\"name\":\"Home\",\"item\":\"https:\/\/moose.de\/\"},{\"@type\":\"ListItem\",\"position\":2,\"name\":\"Unsere Kurse\"}]},{\"@type\":\"WebSite\",\"@id\":\"https:\/\/moose.de\/#website\",\"url\":\"https:\/\/moose.de\/\",\"name\":\"Centro Linguistico Moose\",\"description\":\"Sprachzentrum in Berlin\",\"publisher\":{\"@id\":\"https:\/\/moose.de\/#organization\"},\"alternateName\":\"Moose\",\"potentialAction\":[{\"@type\":\"SearchAction\",\"target\":{\"@type\":\"EntryPoint\",\"urlTemplate\":\"https:\/\/moose.de\/?s={search_term_string}\"},\"query-input\":{\"@type\":\"PropertyValueSpecification\",\"valueRequired\":true,\"valueName\":\"search_term_string\"}}],\"inLanguage\":\"it-IT\"},{\"@type\":\"Organization\",\"@id\":\"https:\/\/moose.de\/#organization\",\"name\":\"Centro Linguistico Moose\",\"url\":\"https:\/\/moose.de\/\",\"logo\":{\"@type\":\"ImageObject\",\"inLanguage\":\"it-IT\",\"@id\":\"https:\/\/moose.de\/#\/schema\/logo\/image\/\",\"url\":\"https:\/\/moose.de\/wp-content\/uploads\/2024\/04\/MooseCentroLinguistico-e1714147189790.png\",\"contentUrl\":\"https:\/\/moose.de\/wp-content\/uploads\/2024\/04\/MooseCentroLinguistico-e1714147189790.png\",\"width\":691,\"height\":271,\"caption\":\"Centro Linguistico Moose\"},\"image\":{\"@id\":\"https:\/\/moose.de\/#\/schema\/logo\/image\/\"},\"sameAs\":[\"https:\/\/www.facebook.com\/centrolinguisticomoose\"]}]}<\/script>\n<!-- \/ Yoast SEO plugin. -->","yoast_head_json":{"title":"Unsere Kurse - Sprachzentrum Moose","robots":{"index":"index","follow":"follow","max-snippet":"max-snippet:-1","max-image-preview":"max-image-preview:large","max-video-preview":"max-video-preview:-1"},"canonical":"https:\/\/moose.de\/it_it\/unsere-kurse\/","og_locale":"it_IT","og_type":"article","og_title":"Unsere Kurse - Sprachzentrum Moose","og_description":"AUSBILDUNGSANGEBOT Unsere Sprachkurse Englischkurs Franz\u00f6sischkurs Deutschkurs Spanischkurs Arabischkurs Italienischkurs Chinesischkurs Russischkurs Japanischkurs Koreanischkurs Portugiesischkurs Hebr\u00e4ischkurs T\u00fcrkischkurs Polnischkurs Vietnamesischkurs Rum\u00e4nischkurs","og_url":"https:\/\/moose.de\/it_it\/unsere-kurse\/","og_site_name":"Sprachzentrum Moose","article_publisher":"https:\/\/www.facebook.com\/centrolinguisticomoose","article_modified_time":"2025-08-27T14:19:10+00:00","og_image":[{"url":"https:\/\/moose.de\/wp-content\/uploads\/2024\/05\/Corso-Inglese.jpg","type":"","width":"","height":""}],"twitter_card":"summary_large_image","twitter_misc":{"Tempo di lettura stimato":"7 minuti"},"schema":{"@context":"https:\/\/schema.org","@graph":[{"@type":"WebPage","@id":"https:\/\/moose.de\/unsere-kurse\/","url":"https:\/\/moose.de\/unsere-kurse\/","name":"Unsere Kurse - Sprachzentrum Moose","isPartOf":{"@id":"https:\/\/moose.de\/#website"},"primaryImageOfPage":{"@id":"https:\/\/moose.de\/unsere-kurse\/#primaryimage"},"image":{"@id":"https:\/\/moose.de\/unsere-kurse\/#primaryimage"},"thumbnailUrl":"https:\/\/moose.de\/wp-content\/uploads\/2024\/05\/Corso-Inglese.jpg","datePublished":"2023-11-12T14:48:16+00:00","dateModified":"2025-08-27T14:19:10+00:00","breadcrumb":{"@id":"https:\/\/moose.de\/unsere-kurse\/#breadcrumb"},"inLanguage":"it-IT","potentialAction":[{"@type":"ReadAction","target":["https:\/\/moose.de\/unsere-kurse\/"]}]},{"@type":"ImageObject","inLanguage":"it-IT","@id":"https:\/\/moose.de\/unsere-kurse\/#primaryimage","url":"https:\/\/moose.de\/wp-content\/uploads\/2024\/05\/Corso-Inglese.jpg","contentUrl":"https:\/\/moose.de\/wp-content\/uploads\/2024\/05\/Corso-Inglese.jpg"},{"@type":"BreadcrumbList","@id":"https:\/\/moose.de\/unsere-kurse\/#breadcrumb","itemListElement":[{"@type":"ListItem","position":1,"name":"Home","item":"https:\/\/moose.de\/"},{"@type":"ListItem","position":2,"name":"Unsere Kurse"}]},{"@type":"WebSite","@id":"https:\/\/moose.de\/#website","url":"https:\/\/moose.de\/","name":"Centro Linguistico Moose","description":"Sprachzentrum in Berlin","publisher":{"@id":"https:\/\/moose.de\/#organization"},"alternateName":"Moose","potentialAction":[{"@type":"SearchAction","target":{"@type":"EntryPoint","urlTemplate":"https:\/\/moose.de\/?s={search_term_string}"},"query-input":{"@type":"PropertyValueSpecification","valueRequired":true,"valueName":"search_term_string"}}],"inLanguage":"it-IT"},{"@type":"Organization","@id":"https:\/\/moose.de\/#organization","name":"Centro Linguistico Moose","url":"https:\/\/moose.de\/","logo":{"@type":"ImageObject","inLanguage":"it-IT","@id":"https:\/\/moose.de\/#\/schema\/logo\/image\/","url":"https:\/\/moose.de\/wp-content\/uploads\/2024\/04\/MooseCentroLinguistico-e1714147189790.png","contentUrl":"https:\/\/moose.de\/wp-content\/uploads\/2024\/04\/MooseCentroLinguistico-e1714147189790.png","width":691,"height":271,"caption":"Centro Linguistico Moose"},"image":{"@id":"https:\/\/moose.de\/#\/schema\/logo\/image\/"},"sameAs":["https:\/\/www.facebook.com\/centrolinguisticomoose"]}]}},"_links":{"self":[{"href":"https:\/\/moose.de\/it_it\/wp-json\/wp\/v2\/pages\/14923","targetHints":{"allow":["GET"]}}],"collection":[{"href":"https:\/\/moose.de\/it_it\/wp-json\/wp\/v2\/pages"}],"about":[{"href":"https:\/\/moose.de\/it_it\/wp-json\/wp\/v2\/types\/page"}],"author":[{"embeddable":true,"href":"https:\/\/moose.de\/it_it\/wp-json\/wp\/v2\/users\/1"}],"replies":[{"embeddable":true,"href":"https:\/\/moose.de\/it_it\/wp-json\/wp\/v2\/comments?post=14923"}],"version-history":[{"count":57,"href":"https:\/\/moose.de\/it_it\/wp-json\/wp\/v2\/pages\/14923\/revisions"}],"predecessor-version":[{"id":26964,"href":"https:\/\/moose.de\/it_it\/wp-json\/wp\/v2\/pages\/14923\/revisions\/26964"}],"wp:attachment":[{"href":"https:\/\/moose.de\/it_it\/wp-json\/wp\/v2\/media?parent=14923"}],"curies":[{"name":"wp","href":"https:\/\/api.w.org\/{rel}","templated":true}]}}